{"id":5475,"date":"2019-07-03T16:20:31","date_gmt":"2019-07-03T16:20:31","guid":{"rendered":"https:\/\/www.chateaudupommoy.com\/forfaits-sejours\/"},"modified":"2024-03-19T13:45:29","modified_gmt":"2024-03-19T13:45:29","slug":"forfaits-sejours","status":"publish","type":"page","link":"https:\/\/chateaudupommoy.com\/fr\/forfaits-sejours\/","title":{"rendered":"Forfaits s\u00e9jours"},"content":{"rendered":"\n<h1>\n\t\tForfaits s\u00e9jours\n\t<\/h1>\n\t<p>Nous avons plusieurs formules\u00a0: nous organisons divers forfaits complets, avec des cours toujours sous la direction d&rsquo;un enseignant qualifi\u00e9. Les forfaits comprennent l&rsquo;h\u00e9bergement, tous les repas et l&rsquo;activit\u00e9. *Remarque: tous les cours sont en n\u00e9erlandais ou en anglais<\/p>\n\t<h2>Fran\u00e7ais langue \u00e9trang\u00e8re<\/h2>\n\t\t\t\t<img loading=\"lazy\" decoding=\"async\" src=\"https:\/\/chateaudupommoy.com\/wp-content\/uploads\/2024\/03\/Christelle-Seguenot-foto-300x300.jpg\" alt=\"Christelle Seguenot foto\" itemprop=\"image\" height=\"300\" width=\"300\" title=\"Christelle Seguenot foto\" onerror=\"this.style.display='none'\"  \/>\n\t<p>La date du cours de Parler Fran\u00e7ais Langue \u00c9trang\u00e8re a \u00e9t\u00e9 annonc\u00e9e. Continuez \u00e0 lire et contactez-nous pour plus d&rsquo;informations.<\/p>\n<p>&nbsp;<\/p>\n\t\t\t<a href=\"https:\/\/chateaudupommoy.com\/fr\/forfaits-sejours\/francais-langue-etrangere\/\" target=\"_blank\" rel=\"noopener\">\n\t\t\t\t\t\t\tEn savoir plus sur le fran\u00e7ais langue \u00e9trang\u00e8re\n\t\t\t<\/a>\n\t\t\t\t<img loading=\"lazy\" decoding=\"async\" src=\"https:\/\/chateaudupommoy.com\/wp-content\/uploads\/2024\/02\/Tuin-zomer-2022-1-min.jpg\" alt=\"Tuin zomer 2022 1 min\" itemprop=\"image\" height=\"750\" width=\"1000\" title=\"Tuin zomer 2022 1 min\" onerror=\"this.style.display='none'\"  \/>\n<h2>\n\t\t<a href=\"https:\/\/chateaudupommoy.com\/fr\/radieuses-randonnees-estivales\/\" title=\"Radieuses randonn\u00e9es estivales\" target=\"_blank\" rel=\"noopener\">\n\t\tRadieuses randonn\u00e9es estivales\n\t\t<\/a>\n\t<\/h2>\n\t\t\t\t<img loading=\"lazy\" decoding=\"async\" src=\"https:\/\/chateaudupommoy.com\/wp-content\/uploads\/2020\/07\/Wandelen-zandpad-groep-1d4c657d-22f2-4e12-ad9f-49cd8e988a2f.jpg\" alt=\"Wandelen zandpad groep 1d4c657d-22f2-4e12-ad9f-49cd8e988a2f\" itemprop=\"image\" height=\"1440\" width=\"1920\" title=\"Wandelen zandpad groep 1d4c657d-22f2-4e12-ad9f-49cd8e988a2f\" onerror=\"this.style.display='none'\"  \/>\n\t<p>Randonner dans le paysage vallonn\u00e9 du Morvan? Une cuisine d\u00e9licieuse et un s\u00e9jour confortable dans une chambre de luxe? Ch\u00e2teau du Pommoy a un package complet pour vous!<\/p>\n\t\t\t<a href=\"https:\/\/chateaudupommoy.com\/fr\/radieuses-randonnees-estivales\/\" target=\"_blank\" rel=\"noopener\">\n\t\t\t\t\t\t\tLire la suite\n\t\t\t<\/a>\n<h2>\n\t\tBalades printani\u00e8res dans le Morvan\n\t<\/h2>\n\t\t\t\t<img loading=\"lazy\" decoding=\"async\" src=\"https:\/\/chateaudupommoy.com\/wp-content\/uploads\/2023\/10\/Foto-Lentewandelen-versmald-1.png\" alt=\"Foto Lentewandelen versmald\" itemprop=\"image\" height=\"690\" width=\"712\" title=\"Foto Lentewandelen versmald\" onerror=\"this.style.display='none'\"  \/>\n\t<p>Vacances randonn\u00e9e sans soucis : Printemps bourgeonnant dans le Morvan<\/p>\n\t\t\t<a href=\"https:\/\/chateaudupommoy.com\/ontluikende-lente-in-de-morvan\/\" target=\"_blank\" rel=\"noopener\">\n\t\t\t\t\t\t\tLire la suite\n\t\t\t<\/a>\n<h2>\n\t\t<a href=\"http:\/\/www.chateaudupommoy.com\/arrangementen\/cursus-teambuilding\" title=\"Lieu de cours ou team building\" target=\"_self\" rel=\"noopener\">\n\t\tLieu de cours ou team building\n\t\t<\/a>\n\t<\/h2>\n\t\t\t\t<img loading=\"lazy\" decoding=\"async\" src=\"https:\/\/chateaudupommoy.com\/wp-content\/uploads\/2023\/02\/2022-06-06-Chateau-du-Pommoy-liggend-lager-formaat-scaled.jpg\" alt=\"2022-06-06 Ch\u00e2teau du Pommoy liggend lager formaat\" itemprop=\"image\" height=\"1697\" width=\"2560\" title=\"2022-06-06 Ch\u00e2teau du Pommoy liggend lager formaat\" onerror=\"this.style.display='none'\"  \/>\n\t<p>Vous recherchez un lieu appropri\u00e9 pour un cours ou un team building ? Le Ch\u00e2teau du Pommoy est heureux de r\u00e9fl\u00e9chir avec vous !<\/p>\n\t\t\t<a href=\"https:\/\/chateaudupommoy.com\/cursuslocatie-of-teambuilding\/\" target=\"_blank\" rel=\"noopener\">\n\t\t\t\t\t\t\tLire la suite\n\t\t\t<\/a>\n<h2>\n\t\t<a href=\"https:\/\/www.chateaudupommoy.com\/fr\/forfaits-sejours\/vacances-a-velo\/\" title=\"Vacances \u00e0 v\u00e9lo\" target=\"_self\" rel=\"noopener\">\n\t\tVacances \u00e0 v\u00e9lo\n\t\t<\/a>\n\t<\/h2>\n\t\t\t\t<img loading=\"lazy\" decoding=\"async\" src=\"https:\/\/chateaudupommoy.com\/wp-content\/uploads\/2019\/01\/bicycle-bicyclist-bike-128202.jpg\" alt=\"bicycle-bicyclist-bike-128202\" itemprop=\"image\" height=\"3000\" width=\"4500\" title=\"bicycle-bicyclist-bike-128202\" onerror=\"this.style.display='none'\"  \/>\n\t<p>Magnifiques balades \u00e0 v\u00e9lo dans le Morvan, sp\u00e9cialement pour les cyclistes exp\u00e9riment\u00e9s. P\u00e9dalez fermement \u00e0 travers les collines, puis d\u00e9gustez un d\u00e9licieux d\u00e9jeuner copieux dans un cadre magnifique<\/p>\n\t\t\t<a href=\"https:\/\/www.chateaudupommoy.com\/fr\/forfaits-sejours\/vacances-a-velo\/\" target=\"_self\" rel=\"noopener\">\n\t\t\t\t\t\t\tLire la suite\n\t\t\t<\/a>\n<h1>\n\t\tVoulez-vous un arrangement diff\u00e9rent?\n\t<\/h1>\n\t\t\t<a href=\"https:\/\/www.chateaudupommoy.com\/fr\/forfait-sejour-sur-mesure\/\" target=\"_self\" rel=\"noopener\">\n\t\t\t\t\t\t\tLire la suite\n\t\t\t<\/a>\n\n","protected":false},"excerpt":{"rendered":"<p>Forfaits s\u00e9jours Nous avons plusieurs formules\u00a0: nous organisons divers forfaits complets, avec des cours toujours sous la direction d&rsquo;un enseignant qualifi\u00e9. Les forfaits comprennent l&rsquo;h\u00e9bergement, tous les repas et l&rsquo;activit\u00e9. *Remarque: tous les cours sont en n\u00e9erlandais ou en anglais Fran\u00e7ais langue \u00e9trang\u00e8re La date du cours de Parler Fran\u00e7ais Langue \u00c9trang\u00e8re a \u00e9t\u00e9 annonc\u00e9e.&hellip;<\/p>\n","protected":false},"author":2,"featured_media":0,"parent":0,"menu_order":0,"comment_status":"closed","ping_status":"closed","template":"","meta":{"footnotes":""},"class_list":["post-5475","page","type-page","status-publish","hentry"],"_links":{"self":[{"href":"https:\/\/chateaudupommoy.com\/fr\/wp-json\/wp\/v2\/pages\/5475","targetHints":{"allow":["GET"]}}],"collection":[{"href":"https:\/\/chateaudupommoy.com\/fr\/wp-json\/wp\/v2\/pages"}],"about":[{"href":"https:\/\/chateaudupommoy.com\/fr\/wp-json\/wp\/v2\/types\/page"}],"author":[{"embeddable":true,"href":"https:\/\/chateaudupommoy.com\/fr\/wp-json\/wp\/v2\/users\/2"}],"replies":[{"embeddable":true,"href":"https:\/\/chateaudupommoy.com\/fr\/wp-json\/wp\/v2\/comments?post=5475"}],"version-history":[{"count":13,"href":"https:\/\/chateaudupommoy.com\/fr\/wp-json\/wp\/v2\/pages\/5475\/revisions"}],"predecessor-version":[{"id":6671,"href":"https:\/\/chateaudupommoy.com\/fr\/wp-json\/wp\/v2\/pages\/5475\/revisions\/6671"}],"wp:attachment":[{"href":"https:\/\/chateaudupommoy.com\/fr\/wp-json\/wp\/v2\/media?parent=5475"}],"curies":[{"name":"wp","href":"https:\/\/api.w.org\/{rel}","templated":true}]}}