{"id":5470,"date":"2019-07-03T16:18:18","date_gmt":"2019-07-03T16:18:18","guid":{"rendered":"https:\/\/www.chateaudupommoy.com\/conversation-en-francais-niveau-intermediaire-a2-b1\/"},"modified":"2026-04-17T16:04:53","modified_gmt":"2026-04-17T16:04:53","slug":"stage-dete-de-flute-traversiere","status":"publish","type":"page","link":"https:\/\/chateaudupommoy.com\/fr\/forfaits-sejours\/stage-dete-de-flute-traversiere\/","title":{"rendered":"Stage d&rsquo;\u00e9t\u00e9 de fl\u00fbte traversi\u00e8re"},"content":{"rendered":"<p><strong>STAGE D&rsquo;\u00c9T\u00c9 DE FL\u00dbTE TRAVERSI\u00c8RE DU 22 AU 29 AO\u00dbT 2026<\/strong><\/p>\n<p>\u00cates-vous un(e) fl\u00fbtiste avanc\u00e9(e) ou professionnel(le) souhaitant perfectionner votre jeu ? Laissez-vous inspirer par des professeurs d\u2019exception et profitez d\u2019une exp\u00e9rience musicale unique dans un cadre \u00e0 couper le souffle !<\/p>\n<h4><strong>Les professeurs\u00a0<\/strong><\/h4>\n<p><img loading=\"lazy\" decoding=\"async\" class=\"wp-image-6979 alignleft\" src=\"https:\/\/chateaudupommoy.com\/wp-content\/uploads\/2025\/05\/Philippa-40-scaled.jpg\" alt=\"\" width=\"155\" height=\"233\" srcset=\"https:\/\/chateaudupommoy.com\/wp-content\/uploads\/2025\/05\/Philippa-40-scaled.jpg 1707w, https:\/\/chateaudupommoy.com\/wp-content\/uploads\/2025\/05\/Philippa-40-200x300.jpg 200w, https:\/\/chateaudupommoy.com\/wp-content\/uploads\/2025\/05\/Philippa-40-683x1024.jpg 683w, https:\/\/chateaudupommoy.com\/wp-content\/uploads\/2025\/05\/Philippa-40-768x1152.jpg 768w, https:\/\/chateaudupommoy.com\/wp-content\/uploads\/2025\/05\/Philippa-40-1024x1536.jpg 1024w, https:\/\/chateaudupommoy.com\/wp-content\/uploads\/2025\/05\/Philippa-40-1365x2048.jpg 1365w\" sizes=\"auto, (max-width: 155px) 100vw, 155px\" \/><\/p>\n<p><strong><span class=\"wixui-rich-text__text\">Philippa Davies<\/span><\/strong><br class=\"wixui-rich-text__text\" \/><span class=\"wixui-rich-text__text\">Fl\u00fbtiste au Nash Ensemble et au London Winds, ainsi que professeure \u00e0 la prestigieuse Guildhall School of Music and Drama, Philippa est une artiste de renomm\u00e9e internationale. Ses cours inspirants et sa technique magistrale sont indispensables pour tout fl\u00fbtiste ambitieux.<\/span><\/p>\n<p><strong><img loading=\"lazy\" decoding=\"async\" class=\"wp-image-6985 alignright\" src=\"https:\/\/chateaudupommoy.com\/wp-content\/uploads\/2025\/05\/JW-Nelleke-credit-Annemieke-Tonnaer.jpg\" alt=\"\" width=\"143\" height=\"215\" srcset=\"https:\/\/chateaudupommoy.com\/wp-content\/uploads\/2025\/05\/JW-Nelleke-credit-Annemieke-Tonnaer.jpg 1679w, https:\/\/chateaudupommoy.com\/wp-content\/uploads\/2025\/05\/JW-Nelleke-credit-Annemieke-Tonnaer-200x300.jpg 200w, https:\/\/chateaudupommoy.com\/wp-content\/uploads\/2025\/05\/JW-Nelleke-credit-Annemieke-Tonnaer-683x1024.jpg 683w, https:\/\/chateaudupommoy.com\/wp-content\/uploads\/2025\/05\/JW-Nelleke-credit-Annemieke-Tonnaer-768x1152.jpg 768w, https:\/\/chateaudupommoy.com\/wp-content\/uploads\/2025\/05\/JW-Nelleke-credit-Annemieke-Tonnaer-1024x1536.jpg 1024w, https:\/\/chateaudupommoy.com\/wp-content\/uploads\/2025\/05\/JW-Nelleke-credit-Annemieke-Tonnaer-1365x2048.jpg 1365w\" sizes=\"auto, (max-width: 143px) 100vw, 143px\" \/><\/strong><\/p>\n<p><strong>Jan Willem Nelleke<\/strong><br \/>\n<span class=\"wixui-rich-text__text\">Ce pianiste n\u00e9erlandais polyvalent et enseignant renomm\u00e9 apporte \u00e0 ce stage son exp\u00e9rience d\u2019accompagnateur, de musicien de chambre et d\u2019arrangeur. Affili\u00e9 au Conservatoire Royal et \u00e0 l\u2019Institut Franz Schubert, il offre l&rsquo;opportunit\u00e9 unique de jouer aux c\u00f4t\u00e9s d\u2019un pianiste d\u2019exception !<\/span><\/p>\n<p class=\"font_6 wixui-rich-text__text\"><span class=\"wixui-rich-text__text\"><strong>Le stage<\/strong><br \/>\nVous jouerez principalement en petits groupes encadr\u00e9s par Philippa (en anglais, mais il y a plusieurs participants fran\u00e7ais). En outre, Philippa propose des ateliers et exercices pour tous les participants. Il sera \u00e9galement possible d\u2019interpr\u00e9ter des solos de fl\u00fbte pr\u00e9par\u00e9s avec l\u2019accompagnement du pianiste Jan Willem Nelleke et de participer \u00e0 des ensembles improvis\u00e9s. Afin de garantir une attention personnalis\u00e9e \u00e0 tous, le nombre de participants est limit\u00e9 \u00e0 14.<\/span><\/p>\n<p class=\"font_8 wixui-rich-text__text\"><span class=\"wixui-rich-text__text\">Le r\u00e9pertoire pour 2026 sera annonc\u00e9 quelques semaines avant le d\u00e9but du stage. Nous pr\u00e9voyons de vous envoyer la majeure partie du r\u00e9pertoire \u00e0 l\u2019avance afin que vous puissiez pr\u00e9parer vos partitions.<\/span><\/p>\n<p class=\"font_8 wixui-rich-text__text\"><span class=\"wixui-rich-text__text\">Pendant la semaine, Philippa Davies et Jan Willem Nelleke donneront un concert, un \u00e9v\u00e9nement toujours exceptionnel et tr\u00e8s appr\u00e9ci\u00e9 par les habitants de la r\u00e9gion. Le stage se terminera par un concert informel des participants, r\u00e9serv\u00e9 \u00e0 un public invit\u00e9.<\/span><\/p>\n<p><strong>Niveau requis<\/strong><br \/>\nCe stage d&rsquo;\u00e9t\u00e9 de fl\u00fbte est con\u00e7u pour les fl\u00fbtistes confirm\u00e9s et professionnels souhaitant approfondir leur pratique de la fl\u00fbte et de la musique de chambre dans une ambiance d\u00e9tendue et stimulante.<\/p>\n<p>Pour les nouveaux participants, le r\u00e9pertoire ci-dessous donne une indication du niveau requis. Vous devez \u00eatre capable de jouer au moins une des \u0153uvres suivantes :<br \/>\n&#8211; Gabriel Faur\u00e9 \u2013 Fantaisie pour fl\u00fbte et piano<br \/>\n&#8211; Sergue\u00ef Prokofiev \u2013 Sonate (Premier mouvement)<br \/>\n&#8211; Francis Poulenc \u2013 Sonate pour fl\u00fbte et piano<\/p>\n<p><strong>Programme quotidien<\/strong><br \/>\nChaque jour comprend trois sessions de 90 minutes dirig\u00e9es par Philippa Davies : deux avant le d\u00e9jeuner et une autre entre le th\u00e9 de l\u2019apr\u00e8s-midi et le d\u00eener. Les participants peuvent organiser leurs propres s\u00e9ances de musique d\u2019ensemble l\u2019apr\u00e8s-midi et en d\u00e9but de soir\u00e9e. Apr\u00e8s le d\u00eener, des moments de musique informels sont souvent organis\u00e9s.<\/p>\n<p>Les sessions comprennent un m\u00e9lange d\u2019ateliers (posture, respiration, sonorit\u00e9, etc.) jeu de grand ensemble et des s\u00e9ances de travail en petits groupes sur le r\u00e9pertoire envoy\u00e9 et pr\u00e9par\u00e9 auparavant.<\/p>\n<p>Vous pr\u00e9f\u00e9rez une pause l\u2019apr\u00e8s-midi ? Profitez d\u2019une promenade dans le Parc Naturel R\u00e9gional du Morvan ou d\u00e9tendez-vous pr\u00e8s de la piscine.<\/p>\n<p><img loading=\"lazy\" decoding=\"async\" class=\"size-medium wp-image-6500 alignleft\" src=\"https:\/\/chateaudupommoy.com\/wp-content\/uploads\/2024\/02\/Zwembad-min-1708623070950-300x140.jpg\" alt=\"\" width=\"300\" height=\"140\" srcset=\"https:\/\/chateaudupommoy.com\/wp-content\/uploads\/2024\/02\/Zwembad-min-1708623070950-300x140.jpg 300w, https:\/\/chateaudupommoy.com\/wp-content\/uploads\/2024\/02\/Zwembad-min-1708623070950-768x360.jpg 768w, https:\/\/chateaudupommoy.com\/wp-content\/uploads\/2024\/02\/Zwembad-min-1708623070950.jpg 788w\" sizes=\"auto, (max-width: 300px) 100vw, 300px\" \/><\/p>\n<p style=\"text-align: left;\"><em>Entre-temps, vous pourrez vous immerger dans la piscine du Ch\u00e2teau du Pommoy&#8230;<\/em><\/p>\n<p>&nbsp;<\/p>\n<p>&nbsp;<\/p>\n<p>&nbsp;<\/p>\n<p><strong>Inclus<\/strong><br \/>\n&#8211; \u200b\u200bH\u00e9bergement de sept nuits au Ch\u00e2teau du Pommoy<br \/>\n&#8211; Tous les repas (buffet petit-d\u00e9jeuner, d\u00e9jeuner, ap\u00e9ritif, d\u00eener)<br \/>\n&#8211; Boissons pendant les repas et l\u2019ap\u00e9ritif (y compris le vin au d\u00eener)<br \/>\n&#8211; Caf\u00e9, th\u00e9 et eau tout au long de la journ\u00e9e<br \/>\n&#8211; Utilisation des installations du ch\u00e2teau, linge de lit et serviettes fournis<br \/>\n&#8211; Wi-Fi gratuit<br \/>\n&#8211; Participation au stage tel que d\u00e9crit (hors accompagnants non-participants) \u200b<\/p>\n<p><strong>\u200bNon inclus<\/strong><br \/>\n&#8211; Transport aller-retour jusqu\u2019\u00e0 Roussillon-en-Morvan<br \/>\n&#8211; D\u00e9penses personnelles non mentionn\u00e9es ci-dessus<br \/>\n&#8211; Taxe de s\u00e9jour<br \/>\n&#8211; Boissons suppl\u00e9mentaires au-del\u00e0 des quantit\u00e9s incluses, disponibles \u00e0 un co\u00fbt suppl\u00e9mentaire.<\/p>\n<p><strong>Tarifs et info pratique<\/strong><br \/>\nParticipants \u00e0 la semaine fl\u00fbte (7 nuits, par personne) :<br \/>\nChambre double ou twin partag\u00e9e avec salle de bain : 1015 \u20ac<br \/>\nChambre double pour une personne avec salle de bain priv\u00e9e : 1320 \u20ac<br \/>\nAccompagnant non-participant partageant la chambre : 710 \u20ac<\/p>\n<p><strong>Arriv\u00e9e\/D\u00e9part<\/strong><br \/>\nArriv\u00e9e : Apr\u00e8s 18h00 le premier jour<br \/>\nD\u00e9part : Avant 10h00 le dernier jour<br \/>\nLe d\u00eener sera servi vers 20h00 le premier jour<\/p>\n<p>Le stage d\u2019\u00e9t\u00e9 de fl\u00fbte aura lieu sous r\u00e9serve d\u2019un minimum de 10 participants.<\/p>\n<p>R\u00e9servations ou questions ? Envoyez un email \u00e0 <a href=\"mailto:info@chateaudupommoy.com\">info@chateaudupommoy.com<\/a>\u00a0 ou \u00e0 <a href=\"mailto:cursusinfrankrijk@gmail.com\">cursusinfrankrijk@gmail.com.<\/a><\/p>\n<p>*Les participants peuvent voyager ensemble s&rsquo;ils le souhaitent. Nous pouvons vous aider \u00e0 entrer en contact les uns avec les autres<\/p>\n","protected":false},"excerpt":{"rendered":"<p>STAGE D&rsquo;\u00c9T\u00c9 DE FL\u00dbTE TRAVERSI\u00c8RE DU 22 AU 29 AO\u00dbT 2026 \u00cates-vous un(e) fl\u00fbtiste avanc\u00e9(e) ou professionnel(le) souhaitant perfectionner votre jeu ? Laissez-vous inspirer par des professeurs d\u2019exception et profitez d\u2019une exp\u00e9rience musicale unique dans un cadre \u00e0 couper le souffle ! Les professeurs\u00a0 Philippa DaviesFl\u00fbtiste au Nash Ensemble et au London Winds, ainsi que&hellip;<\/p>\n","protected":false},"author":2,"featured_media":0,"parent":5475,"menu_order":0,"comment_status":"closed","ping_status":"closed","template":"","meta":{"footnotes":""},"class_list":["post-5470","page","type-page","status-publish","hentry"],"_links":{"self":[{"href":"https:\/\/chateaudupommoy.com\/fr\/wp-json\/wp\/v2\/pages\/5470","targetHints":{"allow":["GET"]}}],"collection":[{"href":"https:\/\/chateaudupommoy.com\/fr\/wp-json\/wp\/v2\/pages"}],"about":[{"href":"https:\/\/chateaudupommoy.com\/fr\/wp-json\/wp\/v2\/types\/page"}],"author":[{"embeddable":true,"href":"https:\/\/chateaudupommoy.com\/fr\/wp-json\/wp\/v2\/users\/2"}],"replies":[{"embeddable":true,"href":"https:\/\/chateaudupommoy.com\/fr\/wp-json\/wp\/v2\/comments?post=5470"}],"version-history":[{"count":6,"href":"https:\/\/chateaudupommoy.com\/fr\/wp-json\/wp\/v2\/pages\/5470\/revisions"}],"predecessor-version":[{"id":7137,"href":"https:\/\/chateaudupommoy.com\/fr\/wp-json\/wp\/v2\/pages\/5470\/revisions\/7137"}],"up":[{"embeddable":true,"href":"https:\/\/chateaudupommoy.com\/fr\/wp-json\/wp\/v2\/pages\/5475"}],"wp:attachment":[{"href":"https:\/\/chateaudupommoy.com\/fr\/wp-json\/wp\/v2\/media?parent=5470"}],"curies":[{"name":"wp","href":"https:\/\/api.w.org\/{rel}","templated":true}]}}