{"id":5443,"date":"2019-07-03T15:50:51","date_gmt":"2019-07-03T15:50:51","guid":{"rendered":"https:\/\/www.chateaudupommoy.com\/bienvenue\/"},"modified":"2026-04-04T14:20:28","modified_gmt":"2026-04-04T14:20:28","slug":"bienvenue","status":"publish","type":"page","link":"https:\/\/chateaudupommoy.com\/fr\/","title":{"rendered":"Bienvenue !"},"content":{"rendered":"\n\n\t\t\t\t<img decoding=\"async\" src=\"https:\/\/chateaudupommoy.com\/wp-content\/uploads\/2024\/01\/IMG_20230607_104835-min-header-foto-WP.jpg\" alt=\"Ch\u00e2teau du Pommoy\" itemprop=\"image\" height=\"816\" width=\"2008\" title=\"Ch\u00e2teau du Pommoy\" onerror=\"this.style.display='none'\" loading=\"lazy\" \/>\n\t<h3>Bienvenue au g\u00eete de groupe Ch\u00e2teau du Pommoy. Merci d&rsquo;\u00eatre l\u00e0 !<\/h3>\n\t<p><strong>Plongez dans un havre de paix, au c\u0153ur de la nature et de vastes espaces. <\/strong><\/p>\n<p>Nich\u00e9 dans un cadre magnifique et paisible, notre ch\u00e2teau allie confort et charme, tout en \u00e9tant facilement accessible depuis le Parc Naturel R\u00e9gional du Morvan, en Bourgogne. Un lieu id\u00e9al pour un s\u00e9jour ressour\u00e7ant, \u00e0 seulement trois heures de Paris.<\/p>\n<p><strong>Un s\u00e9jour inoubliable dans un cadre exceptionnel<\/strong><\/p>\n<p>Le ch\u00e2teau et son vaste jardin peuvent \u00eatre lou\u00e9s dans leur int\u00e9gralit\u00e9 en tant que maison de vacances, id\u00e9ale pour des familles ou des groupes jusqu&rsquo;\u00e0 20 personnes. En \u00e9t\u00e9, vous pourrez profiter de notre piscine pour un moment de d\u00e9tente absolue.<\/p>\n<p><strong>Des s\u00e9jours et \u00e9v\u00e9nements sur mesure<\/strong><\/p>\nNous proposons \u00e9galement des forfaits complets, notamment des escapades randonn\u00e9e et des stages culturels.<br \/>\nLe Ch\u00e2teau du Pommoy se pr\u00eate aussi parfaitement \u00e0 l&rsquo;organisation de mariages intimistes, de r\u00e9ceptions priv\u00e9es ou de c\u00e9l\u00e9brations en petit comit\u00e9, dans un cadre naturel et authentique.\n<p>Chaque ann\u00e9e, nous avons \u00e9galement l&rsquo;honneur d&rsquo;accueillir le Festival International de Musique de Chambre Les \u00c9toiles du Morvan, un \u00e9v\u00e9nement incontournable pour les amateurs de musique. La prochaine \u00e9dition se tiendra du 9 au 13 ao\u00fbt 2026.<\/p>\n<p>Site officiel du festival : <a href=\"https:\/\/www.lesetoilesdumorvan.fr\/\" target=\"_blank\" rel=\"noopener\">www.lesetoilesdumorvan.fr<\/a><\/p>\n<h2><strong>\u00ab\u00a0Un lieu parfait pour des retrouvailles amicales et familiales <\/strong>!\u00a0\u00bb<\/h2>\n<p>\ud83d\udc49 D\u00e9couvrez toutes nos offres et r\u00e9servez d\u00e8s maintenant !<\/p>\n\t\t\t\t<img decoding=\"async\" src=\"https:\/\/chateaudupommoy.com\/wp-content\/uploads\/2023\/07\/IMG_20230514_141533-225x300.jpg\" alt=\"Deur naar de tuin\" itemprop=\"image\" height=\"300\" width=\"225\" title=\"Une porte vue sous la glycine\" onerror=\"this.style.display='none'\" loading=\"lazy\" \/>\n\t\t\t<a href=\"https:\/\/www.chateaudupommoy.com\/fr\/reservez\" target=\"_self\">\n\t\t\t\t\t\t\tR\u00e9servez en ligne\n\t\t\t<\/a>\n\n","protected":false},"excerpt":{"rendered":"<p>Bienvenue au g\u00eete de groupe Ch\u00e2teau du Pommoy. Merci d&rsquo;\u00eatre l\u00e0 ! Plongez dans un havre de paix, au c\u0153ur de la nature et de vastes espaces. Nich\u00e9 dans un cadre magnifique et paisible, notre ch\u00e2teau allie confort et charme, tout en \u00e9tant facilement accessible depuis le Parc Naturel R\u00e9gional du Morvan, en Bourgogne. Un&hellip;<\/p>\n","protected":false},"author":2,"featured_media":0,"parent":0,"menu_order":0,"comment_status":"closed","ping_status":"closed","template":"","meta":{"footnotes":""},"class_list":["post-5443","page","type-page","status-publish","hentry"],"_links":{"self":[{"href":"https:\/\/chateaudupommoy.com\/fr\/wp-json\/wp\/v2\/pages\/5443","targetHints":{"allow":["GET"]}}],"collection":[{"href":"https:\/\/chateaudupommoy.com\/fr\/wp-json\/wp\/v2\/pages"}],"about":[{"href":"https:\/\/chateaudupommoy.com\/fr\/wp-json\/wp\/v2\/types\/page"}],"author":[{"embeddable":true,"href":"https:\/\/chateaudupommoy.com\/fr\/wp-json\/wp\/v2\/users\/2"}],"replies":[{"embeddable":true,"href":"https:\/\/chateaudupommoy.com\/fr\/wp-json\/wp\/v2\/comments?post=5443"}],"version-history":[{"count":23,"href":"https:\/\/chateaudupommoy.com\/fr\/wp-json\/wp\/v2\/pages\/5443\/revisions"}],"predecessor-version":[{"id":7204,"href":"https:\/\/chateaudupommoy.com\/fr\/wp-json\/wp\/v2\/pages\/5443\/revisions\/7204"}],"wp:attachment":[{"href":"https:\/\/chateaudupommoy.com\/fr\/wp-json\/wp\/v2\/media?parent=5443"}],"curies":[{"name":"wp","href":"https:\/\/api.w.org\/{rel}","templated":true}]}}