{"id":5442,"date":"2019-07-03T15:50:22","date_gmt":"2019-07-03T15:50:22","guid":{"rendered":"https:\/\/www.chateaudupommoy.com\/reservez\/"},"modified":"2026-03-30T15:58:47","modified_gmt":"2026-03-30T15:58:47","slug":"reservez","status":"publish","type":"page","link":"https:\/\/chateaudupommoy.com\/fr\/reservez\/","title":{"rendered":"R\u00e9servez"},"content":{"rendered":"\n<h1>\n\t\t\tR\u00e9servez\t<\/h1>\n\t<h2>Louer le ch\u00e2teau<\/h2>\n<p>Vous louez le ch\u00e2teau et le jardin environnant dans son int\u00e9gralit\u00e9, pour un maximum de 20 personnes. La p\u00e9riode de location dure au moins une semaine en vacances d&rsquo;\u00e9t\u00e9.<\/p>\n<p>Souhaitez-vous r\u00e9server une p\u00e9riode plus courte? Contactez-nous: <a href=\"mailto:info@chateaudupommoy.com\">info@chateaudupommoy.com<\/a><\/p>\n\t<h2>Le prix comprend :<\/h2>\n<ul>\n<li>Utilisation du ch\u00e2teau avec cuisine \u00e9quip\u00e9e et jardin<\/li>\n<li>Utilisation de la piscine \u00e0 la fin du printemps, en \u00e9t\u00e9 et au d\u00e9but de l&rsquo;automne<\/li>\n<li>Parking sur place pour 7 voitures<\/li>\n<li>Utilisation des serviettes de bain, torchons de cuisine, linge de lit<\/li>\n<li>Nettoyage final*<\/li>\n<\/ul>\n<p>*Veuillez lire nos termes et conditions<\/p>\n\t<h2>Prix \u200b\u200bde location 2026<\/h2>\n<strong>Haute saison (avril \u00e0 septembre)<\/strong><br \/>\n\u00c0 l&rsquo;exception des jours f\u00e9ri\u00e9s (tarif sur demande)<br \/>\n<strong>6 100 \u20ac par semaine<\/strong>\n<strong>Basse saison (octobre \u00e0 mars)<\/strong><br \/>\n\u00c0 l&rsquo;exception des jours f\u00e9ri\u00e9s (tarif sur demande)<br \/>\n<strong>5 100 \u20ac par semaine<\/strong>\n<strong>Week-end haute saison (avril \u00e0 septembre)<\/strong> du vendredi 17h au dimanche 15h ; (hors vacances scolaires et jours f\u00e9ri\u00e9s)<br \/>\n<strong>2 600 \u20ac par week-end<\/strong>\n<strong>Week-end basse saison (octobre \u00e0 mars)<\/strong> du vendredi 17h au dimanche 15h ; (hors vacances scolaires et jours f\u00e9ri\u00e9s)<br \/>\n<strong>2 100 \u20ac par week-end<\/strong>\n<strong>Jours f\u00e9ri\u00e9s<\/strong><br \/>\n<strong>3 600 \u20ac pour 3 nuit\u00e9es, P\u00e2ques 3 300 \u20ac pour 3 nuit\u00e9es, No\u00ebl et le r\u00e9veillon du Nouvel An sur demande<\/strong>\n\t<strong>Enregistrement :<\/strong><br \/>\n\u00c0 partir de 17h\n<strong>D\u00e9part :<\/strong><br \/>\njusqu&rsquo;\u00e0 10h. Pour les week-ends r\u00e9serv\u00e9s via ce site, nous proposons, selon disponibilit\u00e9, un d\u00e9part tardif jusqu&rsquo;\u00e0 15h.\n<p>Afin de vous offrir davantage de flexibilit\u00e9, une arriv\u00e9e anticip\u00e9e ou un d\u00e9part tardif peut \u00eatre organis\u00e9, sous r\u00e9serve de disponibilit\u00e9, au tarif de 40 \u20ac par heure suppl\u00e9mentaire.<\/p>\n\t<p>Pour des informations d\u00e9taill\u00e9es sur nos installations, voir la page Informations g\u00e9n\u00e9rales<\/p>\n<h2>R\u00e9servez directement<\/h2>\n<p>S\u00e9lectionnez ci-dessous les dates auxquelles vous souhaitez utiliser le ch\u00e2teau et remplissez le formulaire compl\u00e8tement. Remarque: nous travaillons sur un nouveau module de r\u00e9servation. Vous r\u00e9servez du samedi au vendredi, votre s\u00e9jour actuel est de samedi au samedi. Apr\u00e8s avoir envoy\u00e9 le formulaire, vous recevrez une r\u00e9ponse de notre part dans les meilleurs d\u00e9lais. Votre r\u00e9servation n&rsquo;est d\u00e9finitive que lorsqu&rsquo;un acompte d&rsquo;au moins 30% a \u00e9t\u00e9 effectu\u00e9. Vous trouverez plus d&rsquo;informations \u00e0 ce sujet dans l&#8217;email de confirmation.<\/p>\n\t <div id=\"form_id1108336480992\" class=\"wpbc_container wpbc_form wpbc_container_booking_form \" ><form id=\"booking_form1\" class=\"booking_form vertical\" method=\"post\" action=\"\"><div id=\"ajax_respond_insert1\" class=\"ajax_respond_insert\" style=\"display:none;\"><\/div><a name=\"bklnk1\" id=\"bklnk1\"><\/a><div id=\"booking_form_div1\" class=\"booking_form_div\"><style type=\"text\/css\">.wpbc_container_booking_form .block_hints, .wpbc_booking_form_simple.wpbc_form_center .wpbc__form__div .wpbc__row.wpbc_r_calendar, .wpbc_booking_form_simple .wpbc__form__div .wpbc__row:not(.wpbc_r_calendar){max-width:440px;} <\/style>\n<div class=\"wpbc_booking_form_simple \">\n<div class=\"wpbc__form__div\">\n\t\t\t<div class=\"wpbc_r_calendar wpbc__row\">\n\t\t\t\t<div class=\"wpbc_r_calendar wpbc__field\"> <label><\/label><br><div class=\"wpbc_calendar_wraper wpbc_change_over_triangle wpbc_calendar_skin_legacy\"><div class=\"wpbc_cal_container bk_calendar_frame wpbc_no_custom_width  months_num_in_row_ cal_month_num_3 wpbc_timeslot_day_bg_as_available\" style=\"\"><div id=\"calendar_booking1\"  class=\"wpbc_calendar_id_1\" >\t<div class=\"calendar_loader_frame calendar_loader_frame1\"\r\n\t\tdata-wpbc-rid=\"1\"\r\n\t\tdata-wpbc-grace=\"8000\"\r\n\t\tstyle=\"--wpbc-loader-cols: 3;\"\r\n\t>\r\n\t\t<div class=\"calendar_loader_text\">Loading...<\/div>\r\n\t\t<div class=\"calendar_loader_frame__progress_line_container\">\r\n\t\t\t<div class=\"calendar_loader_frame__progress_line\"><\/div>\r\n\t\t<\/div>\r\n\t<\/div>\r\n\t<\/div><\/div><div style=\"font-size:7px;text-align:left;margin:0 0 10px;text-shadow: none;\">Powered by <a href=\"https:\/\/wpbookingcalendar.com\" style=\"font-size:7px;\" target=\"_blank\" title=\"Booking Calendar plugin for WordPress\">Booking Calendar<\/a><\/div><textarea id=\"date_booking1\" name=\"date_booking1\" autocomplete=\"off\" style=\"display:none;\"><\/textarea><div class=\"block_hints datepick \"><div class=\"wpdev_hint_with_text\"><div class=\"\"><div class=\"datepick-inline wpbc_calendar_legend_table_width_height\"><table class=\"datepick wpbc_calendar\" style=\"\"><tbody><tr><td class=\"datepick-days-cell date_available wpbc_calendar_legend_day_cell_height\"><div class=\"wpbc-cell-box\">\t<div class=\"date-cell-content\">\t\t<div class=\"date-content-top\"><\/div>\t\t<a>14<\/a>\t\t<div class=\"date-content-bottom\"><\/div>\t<\/div><\/div><\/td><\/tr><\/tbody><\/table><\/div><\/div><div class=\"block_text\">- <\/div><div class=\"block_text\">Beschikbaar<\/div><\/div><div class=\"wpdev_hint_with_text\"><div class=\"\"><div class=\"datepick-inline wpbc_calendar_legend_table_width_height\"><table class=\"datepick wpbc_calendar\" style=\"\"><tbody><tr><td class=\"datepick-days-cell datepick-unselectable date_user_unavailable full_day_booking date_approved wpbc_calendar_legend_day_cell_height\"><div class=\"wpbc-cell-box\">\t<div class=\"date-cell-content\">\t\t<div class=\"date-content-top\"><\/div>\t\t<span>14<\/span>\t\t<div class=\"date-content-bottom\"><\/div>\t<\/div><\/div><\/td><\/tr><\/tbody><\/table><\/div><\/div><div class=\"block_text\">- <\/div><div class=\"block_text\">Geboekt<\/div><\/div><div class=\"wpdev_hint_with_text\"><div class=\"\"><div class=\"datepick-inline wpbc_calendar_legend_table_width_height\"><table class=\"datepick wpbc_calendar\" style=\"\"><tbody><tr><td class=\"datepick-days-cell datepick-unselectable date_user_unavailable full_day_booking date2approve wpbc_calendar_legend_day_cell_height\"><div class=\"wpbc-cell-box\">\t<div class=\"date-cell-content\">\t\t<div class=\"date-content-top\"><\/div>\t\t<span>14<\/span>\t\t<div class=\"date-content-bottom\"><\/div>\t<\/div><\/div><\/td><\/tr><\/tbody><\/table><\/div><\/div><div class=\"block_text\">- <\/div><div class=\"block_text\">In behandeling<\/div><\/div><div class=\"wpdev_hint_with_text\"><div class=\"\"><span class=\" wpbc_timeslot_day_bg_as_available wpbc_change_over_triangle\"><div class=\"datepick-inline wpbc_calendar_legend_table_width_height\"><table class=\"datepick wpbc_calendar\" style=\"\"><tbody><tr><td class=\"datepick-days-cell date_available date2approve timespartly times_clock wpbc_calendar_legend_day_cell_height\"><div class=\"wpbc-cell-box\">\t<div class=\"wpbc-diagonal-el\">\t\t<div class=\"wpbc-co-out\"><svg height=\"100%\" width=\"100%\" viewBox=\"0 0 100 100\" preserveAspectRatio=\"none\"><polygon points=\"0,0 0,99 99,0\"><\/polygon><polygon points=\"0,0 0,100 49,100 49,0\"><\/polygon><\/svg><\/div>\t\t<div class=\"wpbc-co-in\"><svg height=\"100%\" width=\"100%\" viewBox=\"0 0 98 98\" preserveAspectRatio=\"none\"><polygon points=\"0,99 99,99 99,0\"><\/polygon><polygon points=\"50,98 98,98 98,0 50,0\"><\/polygon><\/svg><\/div>\t<\/div>\t<div class=\"date-cell-content\">\t\t<div class=\"date-content-top\"><div class=\"wpbc_time_dots\">\u00b7<\/div><\/div>\t\t<a>14<\/a>\t\t<div class=\"date-content-bottom\"><\/div>\t<\/div><\/div><\/td><\/tr><\/tbody><\/table><\/div><\/span><\/div><div class=\"block_text\">- <\/div><div class=\"block_text\">Gedeeltelijk geboekt<\/div><\/div><\/div><\/div> <\/div>\n\t\t\t<\/div>\n\t\t\t<div class=\"wpbc__row\">\n\t\t\t\t<div class=\"wpbc_r_name wpbc__field\"> <label>First name*<\/label><br><span class=\"wpbc_wrap_text wpdev-form-control-wrap name1\"><input type=\"text\" name=\"name1\" value=\"\" autocomplete=\"name\" class=\"wpdev-validates-as-required\" size=\"40\" \/><\/span> <\/div>\n\t\t\t<\/div>\n\t\t\t<div class=\"wpbc__row\">\n\t\t\t\t<div class=\"wpbc_r_secondname wpbc__field\"> <label>Last name*<\/label><br><span class=\"wpbc_wrap_text wpdev-form-control-wrap secondname1\"><input type=\"text\" name=\"secondname1\" value=\"\" autocomplete=\"secondname\" class=\"wpdev-validates-as-required\" size=\"40\" \/><\/span> <\/div>\n\t\t\t<\/div>\n\t\t\t<div class=\"wpbc__row\">\n\t\t\t\t<div class=\"wpbc_r_email wpbc__field\"> <label>Email address*<\/label><br><span class=\"wpbc_wrap_text wpdev-form-control-wrap email1\"><input type=\"email\" name=\"email1\" value=\"\" autocomplete=\"email\" class=\"wpdev-validates-as-email wpdev-validates-as-required\" size=\"40\" \/><\/span> <\/div>\n\t\t\t<\/div>\n\t\t\t<div class=\"wpbc__row\">\n\t\t\t\t<div class=\"wpbc_r_phone wpbc__field\"> <label>Phone number*<\/label><br><span class=\"wpbc_wrap_text wpdev-form-control-wrap phone1\"><input type=\"text\" name=\"phone1\" value=\"\" autocomplete=\"phone\" class=\"wpdev-validates-as-required\" size=\"40\" \/><\/span> <\/div>\n\t\t\t<\/div>\n\t\t\t<div class=\"wpbc__row\">\n\t\t\t\t<div class=\"wpbc_r_details wpbc__field\"> <label>Details<\/label><br><span class=\"wpbc_wrap_textarea wpdev-form-control-wrap details1\"><textarea name=\"details1\" autocomplete=\"details\"><\/textarea><\/span> <\/div>\n\t\t\t<\/div>\n\t\t\t<div class=\"wpbc__row\">\n\t\t\t\t<div class=\"wpbc_r_captcha wpbc__field\"> <label><\/label><br><span class=\"wpbc_text_captcha_container wpdev-form-control-wrap \"><input  autocomplete=\"off\" type=\"hidden\" name=\"wpdev_captcha_challenge_1\"  id=\"wpdev_captcha_challenge_1\" value=\"2386268059\" \/><input  autocomplete=\"off\" type=\"text\" class=\"captachinput\" value=\"\" name=\"captcha_input1\" id=\"captcha_input1\" \/><img decoding=\"async\" class=\"captcha_img\"  id=\"captcha_img1\" alt=\"To show CAPTCHA, please deactivate cache plugin or exclude this page from caching or disable CAPTCHA at WP Booking Calendar - Settings General page in Form Options section.\" src=\"https:\/\/chateaudupommoy.com\/wp-content\/plugins\/booking\/js\/captcha\/tmp\/2386268059.png\" \/><\/span> <\/div>\n\t\t\t<\/div>\n\t\t\t<div class=\"wpbc__row\">\n\t\t\t\t<div class=\"wpbc_r_submit wpbc__field\"><input type=\"button\" value=\"Verzenden\" class=\"wpbc_button_light  btn btn\" onclick=\"wpbc_booking_form_submit(this.form,1, 'fr_FR');\" \/> <\/div>\n\t\t\t<\/div>\n<\/div>\n<\/div><input id=\"bk_type1\" name=\"bk_type1\" class=\"\" type=\"hidden\" value=\"1\" \/><\/div><div id=\"submiting1\"><\/div><div class=\"form_bk_messages\" id=\"form_bk_messages1\" ><\/div><input type=\"hidden\" id=\"wpbc_nonceCALCULATE_THE_COST1\" name=\"wpbc_nonceCALCULATE_THE_COST1\" value=\"5b4c201c79\" \/><input type=\"hidden\" name=\"_wp_http_referer\" value=\"\/fr\/wp-json\/wp\/v2\/pages\/5442\" \/><\/form><\/div><div id=\"booking_form_garbage1\" class=\"booking_form_garbage\"><\/div> \n\n","protected":false},"excerpt":{"rendered":"<p>R\u00e9servez Louer le ch\u00e2teau Vous louez le ch\u00e2teau et le jardin environnant dans son int\u00e9gralit\u00e9, pour un maximum de 20 personnes. La p\u00e9riode de location dure au moins une semaine en vacances d&rsquo;\u00e9t\u00e9. Souhaitez-vous r\u00e9server une p\u00e9riode plus courte? Contactez-nous: info@chateaudupommoy.com Le prix comprend : Utilisation du ch\u00e2teau avec cuisine \u00e9quip\u00e9e et jardin Utilisation de&hellip;<\/p>\n","protected":false},"author":2,"featured_media":0,"parent":0,"menu_order":0,"comment_status":"closed","ping_status":"closed","template":"","meta":{"footnotes":""},"class_list":["post-5442","page","type-page","status-publish","hentry"],"_links":{"self":[{"href":"https:\/\/chateaudupommoy.com\/fr\/wp-json\/wp\/v2\/pages\/5442","targetHints":{"allow":["GET"]}}],"collection":[{"href":"https:\/\/chateaudupommoy.com\/fr\/wp-json\/wp\/v2\/pages"}],"about":[{"href":"https:\/\/chateaudupommoy.com\/fr\/wp-json\/wp\/v2\/types\/page"}],"author":[{"embeddable":true,"href":"https:\/\/chateaudupommoy.com\/fr\/wp-json\/wp\/v2\/users\/2"}],"replies":[{"embeddable":true,"href":"https:\/\/chateaudupommoy.com\/fr\/wp-json\/wp\/v2\/comments?post=5442"}],"version-history":[{"count":25,"href":"https:\/\/chateaudupommoy.com\/fr\/wp-json\/wp\/v2\/pages\/5442\/revisions"}],"predecessor-version":[{"id":7198,"href":"https:\/\/chateaudupommoy.com\/fr\/wp-json\/wp\/v2\/pages\/5442\/revisions\/7198"}],"wp:attachment":[{"href":"https:\/\/chateaudupommoy.com\/fr\/wp-json\/wp\/v2\/media?parent=5442"}],"curies":[{"name":"wp","href":"https:\/\/api.w.org\/{rel}","templated":true}]}}