{"id":5440,"date":"2019-07-03T15:41:42","date_gmt":"2019-07-03T15:41:42","guid":{"rendered":"https:\/\/www.chateaudupommoy.com\/politique-de-confidentialite\/"},"modified":"2019-07-03T15:41:42","modified_gmt":"2019-07-03T15:41:42","slug":"politique-de-confidentialite","status":"publish","type":"page","link":"https:\/\/chateaudupommoy.com\/fr\/politique-de-confidentialite\/","title":{"rendered":"Politique de confidentialit\u00e9"},"content":{"rendered":"<p><strong>Politique de confidentialit\u00e9<\/strong>\u00a0de la SARL Ch\u00e2teau du Pommoy, propri\u00e9taire de www.chateaudupommoy.com<\/p>\n<p><strong>1) Garanties de confidentialit\u00e9<\/strong><\/p>\n<p>Assurer la confidentialit\u00e9 des visiteurs sur www.chateaudupommoy.com est un fait important pour nous. C&rsquo;est pourquoi nous d\u00e9crivons dans notre politique de confidentialit\u00e9 quelles informations nous recueillons et comment nous les utilisons.<\/p>\n<p><strong>2) Permission<\/strong><\/p>\n<p>En utilisant les informations et les services sur www.chateaudupommoy.com, vous acceptez notre politique de confidentialit\u00e9 et les conditions que nous avons incluses aux pr\u00e9sentes.<\/p>\n<p><strong>3) Questions<\/strong><\/p>\n<p>Si vous souhaitez recevoir plus d&rsquo;informations ou si vous avez des questions sur la politique de confidentialit\u00e9 de la SARL Ch\u00e2teau du Pommoy et plus particuli\u00e8rement sur www.chateaudupommoy.com, vous pouvez nous contacter par e-mail. Notre adresse e-mail est info@chateaudupommoy.com.<\/p>\n<p><strong>4) Surveiller le comportement des visiteurs<\/strong><\/p>\n<p>Www.chateaudupommoy.com utilise diverses techniques pour savoir qui visite le site Web, comment ce visiteur se comporte sur le site Web et quelles pages sont visit\u00e9es. C&rsquo;est une mani\u00e8re courante de travailler pour les sites Web, car elle fournit des informations qui contribuent \u00e0 la qualit\u00e9 de l&rsquo;exp\u00e9rience utilisateur. Les informations que nous enregistrons, via des cookies, incluent les adresses IP, le type de navigateur et les pages visit\u00e9es.<\/p>\n<p>Nous surveillons \u00e9galement o\u00f9 les visiteurs visitent le site Web pour la premi\u00e8re fois et \u00e0 partir de quelle page ils partent. Nous gardons ces informations anonymes et ne sommes pas li\u00e9es \u00e0 d&rsquo;autres informations personnelles.<\/p>\n<p><strong>5) Utilisation de cookies<\/strong><\/p>\n<p>Www.chateaudupommoy.com place des cookies sur les visiteurs. Nous le faisons pour collecter des informations sur les pages que les utilisateurs visitent sur notre site Web, pour suivre la fr\u00e9quence \u00e0 laquelle les visiteurs reviennent et pour voir quelles pages fonctionnent bien sur le site Web. Nous gardons \u00e9galement une trace des informations partag\u00e9es par le navigateur.<\/p>\n<p><strong>6) D\u00e9sactiver les cookies<\/strong><\/p>\n<p>Vous pouvez choisir de d\u00e9sactiver les cookies. Vous faites cela en utilisant les capacit\u00e9s de votre navigateur. Vous pouvez trouver plus d&rsquo;informations sur ces options sur le site web du fournisseur de votre navigateur.<\/p>\n<p>Cette politique de confidentialit\u00e9 est g\u00e9n\u00e9r\u00e9e par privacypolicygenerator.nl.<\/p>\n","protected":false},"excerpt":{"rendered":"<p>Politique de confidentialit\u00e9\u00a0de la SARL Ch\u00e2teau du Pommoy, propri\u00e9taire de www.chateaudupommoy.com 1) Garanties de confidentialit\u00e9 Assurer la confidentialit\u00e9 des visiteurs sur www.chateaudupommoy.com est un fait important pour nous. C&rsquo;est pourquoi nous d\u00e9crivons dans notre politique de confidentialit\u00e9 quelles informations nous recueillons et comment nous les utilisons. 2) Permission En utilisant les informations et les services&hellip;<\/p>\n","protected":false},"author":2,"featured_media":0,"parent":0,"menu_order":0,"comment_status":"closed","ping_status":"closed","template":"","meta":{"footnotes":""},"class_list":["post-5440","page","type-page","status-publish","hentry"],"_links":{"self":[{"href":"https:\/\/chateaudupommoy.com\/fr\/wp-json\/wp\/v2\/pages\/5440","targetHints":{"allow":["GET"]}}],"collection":[{"href":"https:\/\/chateaudupommoy.com\/fr\/wp-json\/wp\/v2\/pages"}],"about":[{"href":"https:\/\/chateaudupommoy.com\/fr\/wp-json\/wp\/v2\/types\/page"}],"author":[{"embeddable":true,"href":"https:\/\/chateaudupommoy.com\/fr\/wp-json\/wp\/v2\/users\/2"}],"replies":[{"embeddable":true,"href":"https:\/\/chateaudupommoy.com\/fr\/wp-json\/wp\/v2\/comments?post=5440"}],"version-history":[{"count":0,"href":"https:\/\/chateaudupommoy.com\/fr\/wp-json\/wp\/v2\/pages\/5440\/revisions"}],"wp:attachment":[{"href":"https:\/\/chateaudupommoy.com\/fr\/wp-json\/wp\/v2\/media?parent=5440"}],"curies":[{"name":"wp","href":"https:\/\/api.w.org\/{rel}","templated":true}]}}