{"id":5438,"date":"2019-07-03T15:20:48","date_gmt":"2019-07-03T15:20:48","guid":{"rendered":"https:\/\/www.chateaudupommoy.com\/informations-generales\/"},"modified":"2024-04-17T15:36:11","modified_gmt":"2024-04-17T15:36:11","slug":"informations-generales","status":"publish","type":"page","link":"https:\/\/chateaudupommoy.com\/fr\/informations-generales\/","title":{"rendered":"Informations g\u00e9n\u00e9rales"},"content":{"rendered":"\n<h1>\n\t\tInformations g\u00e9n\u00e9rales\n\t<\/h1>\n\t\t\t<a href=\"http:\/\/www.chateaudupommoy.com\/fr\/reservez\" target=\"_self\" rel=\"noopener\">\n\t\t\t\t\t\t\tReservez\n\t\t\t<\/a>\n\t<h3><strong>Am\u00e9nagements: <\/strong><\/h3>\n<ul>\n<li>Emplacement et vue<\/li>\n<li>Jardin avec si\u00e8ges<\/li>\n<li>7 places de parking sur site<\/li>\n<li>Wifi gratuit<\/li>\n<li>Salon avec suffisamment de places assises<\/li>\n<li>Salle \u00e0 manger s\u00e9par\u00e9e avec vaisselle et couverts<\/li>\n<li>Cuisine avec cuisini\u00e8re \u00e0 gaz, r\u00e9frig\u00e9rateur, cong\u00e9lateur, four et ustensiles de cuisine<\/li>\n<li>Arri\u00e8re-cuisine avec lave-vaisselle<\/li>\n<li>Chambres avec lits confortables et canap\u00e9s lits ou fauteuils<\/li>\n<li>Salles de bains de luxe<\/li>\n<li>Le linge de lit et de bains est toujours inclus<\/li>\n<li>Nettoyage final inclus<\/li>\n<li>Utilisation de la machine \u00e0 laver pour les r\u00e9servations \u00e0 partir de 1 semaine<\/li>\n<li>Service de d\u00e9chets<\/li>\n<li>Les animaux de compagnie ne sont pas autoris\u00e9s<\/li>\n<li>Tous les espaces int\u00e9rieurs sont non-fumeurs<\/li>\n<\/ul>\n\t\t\t<a href=\"http:\/\/www.chateaudupommoy.com\/fr\/reservez\" target=\"_self\" rel=\"noopener\">\n\t\t\t\t\t\t\tReservez\n\t\t\t<\/a>\n\n","protected":false},"excerpt":{"rendered":"<p>Informations g\u00e9n\u00e9rales Reservez Am\u00e9nagements: Emplacement et vue Jardin avec si\u00e8ges 7 places de parking sur site Wifi gratuit Salon avec suffisamment de places assises Salle \u00e0 manger s\u00e9par\u00e9e avec vaisselle et couverts Cuisine avec cuisini\u00e8re \u00e0 gaz, r\u00e9frig\u00e9rateur, cong\u00e9lateur, four et ustensiles de cuisine Arri\u00e8re-cuisine avec lave-vaisselle Chambres avec lits confortables et canap\u00e9s lits ou&hellip;<\/p>\n","protected":false},"author":2,"featured_media":0,"parent":0,"menu_order":0,"comment_status":"closed","ping_status":"closed","template":"","meta":{"footnotes":""},"class_list":["post-5438","page","type-page","status-publish","hentry"],"_links":{"self":[{"href":"https:\/\/chateaudupommoy.com\/fr\/wp-json\/wp\/v2\/pages\/5438","targetHints":{"allow":["GET"]}}],"collection":[{"href":"https:\/\/chateaudupommoy.com\/fr\/wp-json\/wp\/v2\/pages"}],"about":[{"href":"https:\/\/chateaudupommoy.com\/fr\/wp-json\/wp\/v2\/types\/page"}],"author":[{"embeddable":true,"href":"https:\/\/chateaudupommoy.com\/fr\/wp-json\/wp\/v2\/users\/2"}],"replies":[{"embeddable":true,"href":"https:\/\/chateaudupommoy.com\/fr\/wp-json\/wp\/v2\/comments?post=5438"}],"version-history":[{"count":7,"href":"https:\/\/chateaudupommoy.com\/fr\/wp-json\/wp\/v2\/pages\/5438\/revisions"}],"predecessor-version":[{"id":6770,"href":"https:\/\/chateaudupommoy.com\/fr\/wp-json\/wp\/v2\/pages\/5438\/revisions\/6770"}],"wp:attachment":[{"href":"https:\/\/chateaudupommoy.com\/fr\/wp-json\/wp\/v2\/media?parent=5438"}],"curies":[{"name":"wp","href":"https:\/\/api.w.org\/{rel}","templated":true}]}}