{"id":5417,"date":"2019-06-30T11:20:39","date_gmt":"2019-06-30T11:20:39","guid":{"rendered":"https:\/\/www.chateaudupommoy.com\/vacances-a-velo\/"},"modified":"2025-05-26T16:56:55","modified_gmt":"2025-05-26T16:56:55","slug":"vacances-a-velo","status":"publish","type":"page","link":"https:\/\/chateaudupommoy.com\/fr\/forfaits-sejours\/vacances-a-velo\/","title":{"rendered":"Vacances \u00e0 v\u00e9lo"},"content":{"rendered":"<h2><img loading=\"lazy\" decoding=\"async\" class=\" wp-image-5418 alignleft\" src=\"https:\/\/chateaudupommoy.com\/wp-content\/uploads\/2019\/01\/landscape-713050_1920.jpg\" alt=\"\" width=\"385\" height=\"289\" srcset=\"https:\/\/chateaudupommoy.com\/wp-content\/uploads\/2019\/01\/landscape-713050_1920.jpg 1920w, https:\/\/chateaudupommoy.com\/wp-content\/uploads\/2019\/01\/landscape-713050_1920-300x225.jpg 300w, https:\/\/chateaudupommoy.com\/wp-content\/uploads\/2019\/01\/landscape-713050_1920-768x576.jpg 768w, https:\/\/chateaudupommoy.com\/wp-content\/uploads\/2019\/01\/landscape-713050_1920-1024x768.jpg 1024w\" sizes=\"auto, (max-width: 385px) 100vw, 385px\" \/><\/h2>\n<p>&nbsp;<\/p>\n<p>Hors des sentiers battus avec votre club de cyclisme?<\/p>\n<p>&nbsp;<\/p>\n<p>Dans le Morvan, le v\u00e9lo est sportif pour les cyclistes chevronn\u00e9s. Le paysage est vallonn\u00e9 et vari\u00e9, avec de nombreuses routes \u00ab\u00a0int\u00e9rieures\u00a0\u00bb, sans voiture, entour\u00e9 de nature, avec des villages, des rivi\u00e8res, des ch\u00e2teaux, de belles vues et un air merveilleusement pur.<\/p>\n<p>&nbsp;<\/p>\n<p>&nbsp;<\/p>\n<p>&nbsp;<\/p>\n<p><img loading=\"lazy\" decoding=\"async\" class=\"wp-image-5422 alignright\" src=\"https:\/\/chateaudupommoy.com\/wp-content\/uploads\/2019\/01\/cycling-2520007_1920.jpg\" alt=\"\" width=\"258\" height=\"172\" srcset=\"https:\/\/chateaudupommoy.com\/wp-content\/uploads\/2019\/01\/cycling-2520007_1920.jpg 1920w, https:\/\/chateaudupommoy.com\/wp-content\/uploads\/2019\/01\/cycling-2520007_1920-300x200.jpg 300w, https:\/\/chateaudupommoy.com\/wp-content\/uploads\/2019\/01\/cycling-2520007_1920-768x512.jpg 768w, https:\/\/chateaudupommoy.com\/wp-content\/uploads\/2019\/01\/cycling-2520007_1920-1024x683.jpg 1024w\" sizes=\"auto, (max-width: 258px) 100vw, 258px\" \/><\/p>\n<p>&nbsp;<\/p>\n<p>Le Ch\u00e2teau du Pommoy propose un ensemble complet et luxueux pour les groupes de cyclistes exp\u00e9riment\u00e9s. Le forfait consiste en un s\u00e9jour de 7 nuits dans une chambre double confortable et spacieuse au ch\u00e2teau, des repas et un service unique: nous livrons le d\u00e9jeuner \u00e0 une heure et \u00e0 un endroit convenu!<\/p>\n<p>Apr\u00e8s le tour, vous pourrez vous rafra\u00eechir dans la piscine. Et apr\u00e8s cela, il suffit de s&rsquo;asseoir pour un bon repas.<\/p>\n<p><img loading=\"lazy\" decoding=\"async\" class=\"alignnone wp-image-5426\" src=\"https:\/\/chateaudupommoy.com\/wp-content\/uploads\/2019\/01\/cycling-1938927_1920-e1548535345522.jpg\" alt=\"\" width=\"269\" height=\"186\" srcset=\"https:\/\/chateaudupommoy.com\/wp-content\/uploads\/2019\/01\/cycling-1938927_1920-e1548535345522.jpg 1920w, https:\/\/chateaudupommoy.com\/wp-content\/uploads\/2019\/01\/cycling-1938927_1920-e1548535345522-300x207.jpg 300w, https:\/\/chateaudupommoy.com\/wp-content\/uploads\/2019\/01\/cycling-1938927_1920-e1548535345522-768x530.jpg 768w, https:\/\/chateaudupommoy.com\/wp-content\/uploads\/2019\/01\/cycling-1938927_1920-e1548535345522-1024x707.jpg 1024w\" sizes=\"auto, (max-width: 269px) 100vw, 269px\" \/><\/p>\n<p>Itin\u00e9raire de votre voyage:<\/p>\n<ul>\n<li>\u00a0Le premier soir vous arriverez (entre 17h et 19h) pour l&rsquo;ap\u00e9ritif et le d\u00eener<\/li>\n<li>Les jours suivants, vous parcourrez la r\u00e9gion avec votre groupe cycliste. Vous rangez votre v\u00e9lo dans un espace int\u00e9rieur, propre et sec<\/li>\n<li>Le matin avant le d\u00e9part, vous prendrez un petit-d\u00e9jeuner copieux. De cette fa\u00e7on, vous pouvez reprendre la route en \u00e9tant satisfait<\/li>\n<\/ul>\n<p>&nbsp;<\/p>\n<p>Prix de ce package: 995 \u20ac par personne<\/p>\n<p>Taille du groupe: 8 &#8211; 20 participants<\/p>\n<p>&nbsp;<\/p>\n<p><strong>Inclus:<\/strong><\/p>\n<ul>\n<li>7 nuits dans une grande chambre double (am\u00e9nag\u00e9e si vous voyagez seul; double ou twin de votre choix) avec salle de bain<\/li>\n<li>L&rsquo;utilisation du linge de lit et de toilette est incluse<\/li>\n<li>utilisation des installations du ch\u00e2teau<\/li>\n<li>\u00e0 l&rsquo;int\u00e9rieur du parking pour v\u00e9los<\/li>\n<li>3 repas par jour (en commen\u00e7ant par le d\u00eener du dimanche; apr\u00e8s le buffet du petit-d\u00e9jeuner le samedi, vous recevrez un panier-repas), de l&rsquo;eau, du caf\u00e9 et du th\u00e9 aux repas<\/li>\n<li>service de d\u00e9jeuner sur place<\/li>\n<li>taxe de s\u00e9jour<\/li>\n<\/ul>\n<p>&nbsp;<\/p>\n<p><strong>Non inclus:<\/strong><\/p>\n<ul>\n<li>voyage vers et depuis Le Pommoy<\/li>\n<li>transport de votre v\u00e9lo<\/li>\n<li>autres boissons<\/li>\n<li>d\u00e9penses personnelles<\/li>\n<li>assurance<\/li>\n<\/ul>\n<p>&nbsp;<\/p>\n<p>Contact et r\u00e9servation:<\/p>\n<p>T\u00e9l\u00e9phone: 0031 6 281 449 52<\/p>\n<p>Email : <a href=\"mailto:info@chateaudupommoy.com\">info@chateaudupommoy.com<\/a><\/p>\n","protected":false},"excerpt":{"rendered":"<p>&nbsp; Hors des sentiers battus avec votre club de cyclisme? &nbsp; Dans le Morvan, le v\u00e9lo est sportif pour les cyclistes chevronn\u00e9s. Le paysage est vallonn\u00e9 et vari\u00e9, avec de nombreuses routes \u00ab\u00a0int\u00e9rieures\u00a0\u00bb, sans voiture, entour\u00e9 de nature, avec des villages, des rivi\u00e8res, des ch\u00e2teaux, de belles vues et un air merveilleusement pur. &nbsp; &nbsp;&hellip;<\/p>\n","protected":false},"author":2,"featured_media":0,"parent":5475,"menu_order":0,"comment_status":"closed","ping_status":"closed","template":"","meta":{"footnotes":""},"class_list":["post-5417","page","type-page","status-publish","hentry"],"_links":{"self":[{"href":"https:\/\/chateaudupommoy.com\/fr\/wp-json\/wp\/v2\/pages\/5417","targetHints":{"allow":["GET"]}}],"collection":[{"href":"https:\/\/chateaudupommoy.com\/fr\/wp-json\/wp\/v2\/pages"}],"about":[{"href":"https:\/\/chateaudupommoy.com\/fr\/wp-json\/wp\/v2\/types\/page"}],"author":[{"embeddable":true,"href":"https:\/\/chateaudupommoy.com\/fr\/wp-json\/wp\/v2\/users\/2"}],"replies":[{"embeddable":true,"href":"https:\/\/chateaudupommoy.com\/fr\/wp-json\/wp\/v2\/comments?post=5417"}],"version-history":[{"count":6,"href":"https:\/\/chateaudupommoy.com\/fr\/wp-json\/wp\/v2\/pages\/5417\/revisions"}],"predecessor-version":[{"id":7058,"href":"https:\/\/chateaudupommoy.com\/fr\/wp-json\/wp\/v2\/pages\/5417\/revisions\/7058"}],"up":[{"embeddable":true,"href":"https:\/\/chateaudupommoy.com\/fr\/wp-json\/wp\/v2\/pages\/5475"}],"wp:attachment":[{"href":"https:\/\/chateaudupommoy.com\/fr\/wp-json\/wp\/v2\/media?parent=5417"}],"curies":[{"name":"wp","href":"https:\/\/api.w.org\/{rel}","templated":true}]}}