{"id":5396,"date":"2019-06-30T11:14:04","date_gmt":"2019-06-30T11:14:04","guid":{"rendered":"https:\/\/www.chateaudupommoy.com\/les-environs\/"},"modified":"2019-10-19T21:09:58","modified_gmt":"2019-10-19T21:09:58","slug":"les-environs","status":"publish","type":"page","link":"https:\/\/chateaudupommoy.com\/fr\/les-environs\/","title":{"rendered":"Les environs"},"content":{"rendered":"<h1>\n\t\tLes environs\n\t<\/h1>\n\t<p>Gr\u00e2ce \u00e0 son emplacement dans le parc naturel r\u00e9gional du Morvan, le Ch\u00e2teau du Pommoy est l&rsquo;endroit id\u00e9al pour un s\u00e9jour plus long: paix, puret\u00e9 de l&rsquo;air et nature sauvage. La journ\u00e9e, vous avez la possibilit\u00e9 de rester au soleil sur des bains de soleil ou de vous rafra\u00eechir dans la piscine (\u00e0 partir de 2020). Par temps d\u00e9gag\u00e9, vous pourrez admirer la nuit \u00e9toil\u00e9e et m\u00eame voir la voie lact\u00e9e!<\/p>\n\t\t\t\t<img loading=\"lazy\" decoding=\"async\" src=\"http:\/\/chateaudupommoy.com\/wp-content\/uploads\/2019\/10\/Gorges-de-la-Canche-Wouter-van-Aalst-EOS-70D_0689.jpg\" alt=\"Gorges de la Canche, Wouter van Aalst EOS 70D_0689\" itemprop=\"image\" height=\"3648\" width=\"5472\" title=\"Gorges de la Canche, Wouter van Aalst EOS 70D_0689\" onerror=\"this.style.display='none'\"  \/>\n\t<p>Dans la belle nature, il est fantastique de faire de la marche, du v\u00e9lo ou des sports nautiques. Le ch\u00e2teau se trouve \u00e0 proximit\u00e9 de sentiers de randonn\u00e9e c\u00e9l\u00e8bres tels que la Grande Randonn\u00e9e \u00ab\u00a0Tour du Morvan\u00a0\u00bb et les Gorges de la Canche avec leurs cascades. Les cyclotouristes sportifs peuvent s\u2019exercer sur les pentes du paysage vallonn\u00e9.<\/p>\n<p>Amoureux de l&rsquo;eau? Sur les r\u00e9servoirs des lacs de Panneci\u00e8re et des Settons, vous pourrez nager, naviguer, faire du p\u00e9dalo et du cano\u00eb, entre autres choses. Ceux qui aiment les eaux vives peuvent faire du rafting sur La Cure et Le Chalaux.<\/p>\n<p>&nbsp;<\/p>\n\t\t\t\t<img loading=\"lazy\" decoding=\"async\" src=\"https:\/\/www.chateaudupommoy.com\/wp-content\/uploads\/2019\/01\/Autun.jpg\" alt=\"Autun\" itemprop=\"image\" height=\"577\" width=\"1385\" title=\"Autun\" onerror=\"this.style.display='none'\"  \/>\n\t<p>Les amateurs de culture seront \u00e9galement dans leur \u00e9l\u00e9ment. Le Pommoy est situ\u00e9 au centre des principales attractions. La ville historique d&rsquo;Autun se trouve \u00e0 seulement 15 minutes en voiture. Les fouilles arch\u00e9ologiques de la colonie gallo-romaine de Bibracte avec son mus\u00e9e sont \u00e9galement tr\u00e8s int\u00e9ressantes. Ici le vrai Vergincetorix a combattu et Jules C\u00e9sar a travaill\u00e9 sur son livre sur la guerre des Gaules!<\/p>\n<p>&nbsp;<\/p>\n<p>&nbsp;<\/p>\n\t<p>Le site de p\u00e8lerinage de V\u00e9z\u00e9lay avec sa cath\u00e9drale et ses vues fantastiques depuis les remparts est particuli\u00e8rement pittoresque.<\/p>\n<p>Si vous aimez la gastronomie, vous adorerez visiter Saulieu, avec le c\u00e9l\u00e8bre restaurant \u00e9toil\u00e9 de Bernard Loiseau.<\/p>\n<p>La belle ville de Beaune est \u00e9galement parfaite pour une excursion d&rsquo;une journ\u00e9e.<\/p>\n<p>Et pour les amateurs de vin, la route des grands crus avec ses nombreux c\u00e9pages et ses d\u00e9gustations de vin en caveau est \u00e0 ne pas manquer!<\/p>\n\t\t\t\t<img loading=\"lazy\" decoding=\"async\" src=\"https:\/\/www.chateaudupommoy.com\/wp-content\/uploads\/2019\/01\/Hospices-de-Beaune.jpg\" alt=\"Hospices de Beaune\" itemprop=\"image\" height=\"406\" width=\"612\" title=\"Hospices de Beaune\" onerror=\"this.style.display='none'\"  \/>\n\t\t\t<a href=\"http:\/\/www.chateaudupommoy.com\/fr\/forfaits\" target=\"_self\" role=\"button\" rel=\"noopener noreferrer\">\n\t\t\t\t\t\t\tD\u00e9couvrez nos forfaits s\u00e9jours\n\t\t\t<\/a>\n\t\t\t<a href=\"http:\/\/www.chateaudupommoy.com\/fr\/le-chateau\/\" target=\"_self\" role=\"button\" rel=\"noopener noreferrer\">\n\t\t\t\t\t\t\tVoyez le ch\u00e2teau\n\t\t\t<\/a>\n\t\t\t<a href=\"http:\/\/www.chateaudupommoy.com\/fr\/reservez\" target=\"_self\" role=\"button\" rel=\"noopener noreferrer\">\n\t\t\t\t\t\t\tReservez\n\t\t\t<\/a>\n\t\t\t\t<img loading=\"lazy\" decoding=\"async\" src=\"https:\/\/www.chateaudupommoy.com\/wp-content\/uploads\/2019\/01\/panorama-Vezelay.jpg\" alt=\"panorama Vezelay\" itemprop=\"image\" height=\"1000\" width=\"2500\" title=\"panorama Vezelay\" onerror=\"this.style.display='none'\"  \/>\n","protected":false},"excerpt":{"rendered":"<p>Les environs Gr\u00e2ce \u00e0 son emplacement dans le parc naturel r\u00e9gional du Morvan, le Ch\u00e2teau du Pommoy est l&rsquo;endroit id\u00e9al pour un s\u00e9jour plus long: paix, puret\u00e9 de l&rsquo;air et nature sauvage. La journ\u00e9e, vous avez la possibilit\u00e9 de rester au soleil sur des bains de soleil ou de vous rafra\u00eechir dans la piscine (\u00e0&hellip;<\/p>\n","protected":false},"author":2,"featured_media":0,"parent":0,"menu_order":0,"comment_status":"closed","ping_status":"closed","template":"","meta":{"footnotes":""},"class_list":["post-5396","page","type-page","status-publish","hentry"],"_links":{"self":[{"href":"https:\/\/chateaudupommoy.com\/fr\/wp-json\/wp\/v2\/pages\/5396","targetHints":{"allow":["GET"]}}],"collection":[{"href":"https:\/\/chateaudupommoy.com\/fr\/wp-json\/wp\/v2\/pages"}],"about":[{"href":"https:\/\/chateaudupommoy.com\/fr\/wp-json\/wp\/v2\/types\/page"}],"author":[{"embeddable":true,"href":"https:\/\/chateaudupommoy.com\/fr\/wp-json\/wp\/v2\/users\/2"}],"replies":[{"embeddable":true,"href":"https:\/\/chateaudupommoy.com\/fr\/wp-json\/wp\/v2\/comments?post=5396"}],"version-history":[{"count":3,"href":"https:\/\/chateaudupommoy.com\/fr\/wp-json\/wp\/v2\/pages\/5396\/revisions"}],"predecessor-version":[{"id":5840,"href":"https:\/\/chateaudupommoy.com\/fr\/wp-json\/wp\/v2\/pages\/5396\/revisions\/5840"}],"wp:attachment":[{"href":"https:\/\/chateaudupommoy.com\/fr\/wp-json\/wp\/v2\/media?parent=5396"}],"curies":[{"name":"wp","href":"https:\/\/api.w.org\/{rel}","templated":true}]}}