{"id":5393,"date":"2019-06-30T10:31:34","date_gmt":"2019-06-30T10:31:34","guid":{"rendered":"https:\/\/www.chateaudupommoy.com\/le-chateau\/suite-5\/"},"modified":"2019-11-06T17:23:47","modified_gmt":"2019-11-06T17:23:47","slug":"suite-5","status":"publish","type":"page","link":"https:\/\/chateaudupommoy.com\/fr\/le-chateau\/suite-5\/","title":{"rendered":"Suite 5"},"content":{"rendered":"<h1>\n\t\tSuite 5\n\t<\/h1>\n\t\t\t\t<img loading=\"lazy\" decoding=\"async\" src=\"https:\/\/chateaudupommoy.com\/wp-content\/uploads\/2019\/08\/IMG_8357.jpg\" alt=\"Deel van suite 5\" itemprop=\"image\" height=\"1200\" width=\"1600\" title=\"IMG_8357\" onerror=\"this.style.display='none'\"  \/>\n\t<p>Avec plus de 37 m2, cette suite mansard\u00e9e est la plus grande chambre du ch\u00e2teau. Vous ne serez donc pas surpris de trouver un sommier king-size, un canap\u00e9-lit confortable et des si\u00e8ges suppl\u00e9mentaires. Le lit double peut \u00eatre remplac\u00e9 par deux lits s\u00e9par\u00e9s. Gr\u00e2ce \u00e0 son emplacement au deuxi\u00e8me \u00e9tage, vous avez une vue magnifique.<\/p>\n<p>La salle de bain de cette suite est tr\u00e8s compl\u00e8te et luxueusement meubl\u00e9e avec baignoire \u00eelot, douche, toilettes, bidet et lavabo double.<\/p>\n\t\t\t<a href=\"https:\/\/chateaudupommoy.com\/fr\/reservez\/\" target=\"_self\" role=\"button\" rel=\"noopener noreferrer\">\n\t\t\t\t\t\t\tR\u00e9servez\n\t\t\t<\/a>\n","protected":false},"excerpt":{"rendered":"<p>Suite 5 Avec plus de 37 m2, cette suite mansard\u00e9e est la plus grande chambre du ch\u00e2teau. Vous ne serez donc pas surpris de trouver un sommier king-size, un canap\u00e9-lit confortable et des si\u00e8ges suppl\u00e9mentaires. Le lit double peut \u00eatre remplac\u00e9 par deux lits s\u00e9par\u00e9s. Gr\u00e2ce \u00e0 son emplacement au deuxi\u00e8me \u00e9tage, vous avez une&hellip;<\/p>\n","protected":false},"author":2,"featured_media":0,"parent":5354,"menu_order":0,"comment_status":"closed","ping_status":"closed","template":"","meta":{"footnotes":""},"class_list":["post-5393","page","type-page","status-publish","hentry"],"_links":{"self":[{"href":"https:\/\/chateaudupommoy.com\/fr\/wp-json\/wp\/v2\/pages\/5393","targetHints":{"allow":["GET"]}}],"collection":[{"href":"https:\/\/chateaudupommoy.com\/fr\/wp-json\/wp\/v2\/pages"}],"about":[{"href":"https:\/\/chateaudupommoy.com\/fr\/wp-json\/wp\/v2\/types\/page"}],"author":[{"embeddable":true,"href":"https:\/\/chateaudupommoy.com\/fr\/wp-json\/wp\/v2\/users\/2"}],"replies":[{"embeddable":true,"href":"https:\/\/chateaudupommoy.com\/fr\/wp-json\/wp\/v2\/comments?post=5393"}],"version-history":[{"count":4,"href":"https:\/\/chateaudupommoy.com\/fr\/wp-json\/wp\/v2\/pages\/5393\/revisions"}],"predecessor-version":[{"id":5922,"href":"https:\/\/chateaudupommoy.com\/fr\/wp-json\/wp\/v2\/pages\/5393\/revisions\/5922"}],"up":[{"embeddable":true,"href":"https:\/\/chateaudupommoy.com\/fr\/wp-json\/wp\/v2\/pages\/5354"}],"wp:attachment":[{"href":"https:\/\/chateaudupommoy.com\/fr\/wp-json\/wp\/v2\/media?parent=5393"}],"curies":[{"name":"wp","href":"https:\/\/api.w.org\/{rel}","templated":true}]}}