{"id":5391,"date":"2019-06-30T10:30:13","date_gmt":"2019-06-30T10:30:13","guid":{"rendered":"https:\/\/www.chateaudupommoy.com\/le-chateau\/chambre-4\/"},"modified":"2019-11-06T17:23:24","modified_gmt":"2019-11-06T17:23:24","slug":"chambre-4","status":"publish","type":"page","link":"https:\/\/chateaudupommoy.com\/fr\/le-chateau\/chambre-4\/","title":{"rendered":"Chambre 4"},"content":{"rendered":"<h1>\n\t\tChambre 4\n\t<\/h1>\n\t\t\t\t<img loading=\"lazy\" decoding=\"async\" src=\"https:\/\/chateaudupommoy.com\/wp-content\/uploads\/2019\/08\/IMG-7242.jpg\" alt=\"Chambre 4\" itemprop=\"image\" height=\"1600\" width=\"1200\" title=\"IMG-7242\" onerror=\"this.style.display='none'\"  \/>\n\t<p>Cette chambre d&rsquo;angle intime et attrayante avec un sommier queen-size offre une vue sur les deux c\u00f4t\u00e9s. Vous pouvez voir le grand jardin depuis la fen\u00eatre et depuis la porte lat\u00e9rale, vous avez une vue sur le jardin avec sa mare.<\/p>\n<p>La salle de bain comprend une grande douche \u00e0 l&rsquo;italienne, des toilettes, un lavabo, le chauffage au sol et un radiateur s\u00e8che-serviettes.<\/p>\n\t\t\t<a href=\"https:\/\/chateaudupommoy.com\/fr\/reservez\/\" target=\"_self\" role=\"button\" rel=\"noopener noreferrer\">\n\t\t\t\t\t\t\tR\u00e9servez\n\t\t\t<\/a>\n","protected":false},"excerpt":{"rendered":"<p>Chambre 4 Cette chambre d&rsquo;angle intime et attrayante avec un sommier queen-size offre une vue sur les deux c\u00f4t\u00e9s. Vous pouvez voir le grand jardin depuis la fen\u00eatre et depuis la porte lat\u00e9rale, vous avez une vue sur le jardin avec sa mare. La salle de bain comprend une grande douche \u00e0 l&rsquo;italienne, des toilettes,&hellip;<\/p>\n","protected":false},"author":2,"featured_media":0,"parent":5354,"menu_order":0,"comment_status":"closed","ping_status":"closed","template":"","meta":{"footnotes":""},"class_list":["post-5391","page","type-page","status-publish","hentry"],"_links":{"self":[{"href":"https:\/\/chateaudupommoy.com\/fr\/wp-json\/wp\/v2\/pages\/5391","targetHints":{"allow":["GET"]}}],"collection":[{"href":"https:\/\/chateaudupommoy.com\/fr\/wp-json\/wp\/v2\/pages"}],"about":[{"href":"https:\/\/chateaudupommoy.com\/fr\/wp-json\/wp\/v2\/types\/page"}],"author":[{"embeddable":true,"href":"https:\/\/chateaudupommoy.com\/fr\/wp-json\/wp\/v2\/users\/2"}],"replies":[{"embeddable":true,"href":"https:\/\/chateaudupommoy.com\/fr\/wp-json\/wp\/v2\/comments?post=5391"}],"version-history":[{"count":4,"href":"https:\/\/chateaudupommoy.com\/fr\/wp-json\/wp\/v2\/pages\/5391\/revisions"}],"predecessor-version":[{"id":5921,"href":"https:\/\/chateaudupommoy.com\/fr\/wp-json\/wp\/v2\/pages\/5391\/revisions\/5921"}],"up":[{"embeddable":true,"href":"https:\/\/chateaudupommoy.com\/fr\/wp-json\/wp\/v2\/pages\/5354"}],"wp:attachment":[{"href":"https:\/\/chateaudupommoy.com\/fr\/wp-json\/wp\/v2\/media?parent=5391"}],"curies":[{"name":"wp","href":"https:\/\/api.w.org\/{rel}","templated":true}]}}