{"id":5365,"date":"2019-06-15T17:54:45","date_gmt":"2019-06-15T17:54:45","guid":{"rendered":"https:\/\/www.chateaudupommoy.com\/le-chateau\/chambre-2\/"},"modified":"2019-09-17T13:57:50","modified_gmt":"2019-09-17T13:57:50","slug":"chambre-2","status":"publish","type":"page","link":"https:\/\/chateaudupommoy.com\/fr\/le-chateau\/chambre-2\/","title":{"rendered":"Chambre 2"},"content":{"rendered":"<h1>\n\t\tChambre 2\n\t<\/h1>\n\t\t\t\t<img loading=\"lazy\" decoding=\"async\" src=\"https:\/\/chateaudupommoy.com\/wp-content\/uploads\/2019\/08\/IMG_8371.jpg\" alt=\"Chambre 2 bed\" itemprop=\"image\" height=\"1200\" width=\"1600\" title=\"IMG_8371\" onerror=\"this.style.display='none'\"  \/>\n\t<p>La chambre 2 est une chambre double spacieuse et ensoleill\u00e9e, avec un sommier king-size ou &#8211; si vous voulez &#8211; deux lits simples et toujours une superbe vue sur la vall\u00e9e! Gr\u00e2ce aux deux fen\u00eatres, cette pi\u00e8ce est tr\u00e8s lumineuse et cette lumi\u00e8re peut \u00eatre filtr\u00e9e \u00e0 volont\u00e9 avec les volets Louvre.<\/p>\n\t\t\t\t<img loading=\"lazy\" decoding=\"async\" src=\"https:\/\/www.chateaudupommoy.com\/wp-content\/uploads\/2019\/08\/IMG_8393-e1566142559690.jpg\" alt=\"SDB 2\" itemprop=\"image\" height=\"1600\" width=\"1200\" title=\"IMG_8393\" onerror=\"this.style.display='none'\"  \/>\n\t<p>Bien s\u00fbr, ici encore, une confortable salle de bain priv\u00e9e avec douche \u00e0 l\u2019italienne, lavabo, toilettes et bidet. Cette salle de bain a le chauffage au sol et un radiateur s\u00e8che-serviettes.<\/p>\n\t\t\t<a href=\"https:\/\/chateaudupommoy.com\/fr\/reservez\/\" target=\"_self\" role=\"button\" rel=\"noopener noreferrer\">\n\t\t\t\t\t\t\tR\u00e9servez\n\t\t\t<\/a>\n","protected":false},"excerpt":{"rendered":"<p>Chambre 2 La chambre 2 est une chambre double spacieuse et ensoleill\u00e9e, avec un sommier king-size ou &#8211; si vous voulez &#8211; deux lits simples et toujours une superbe vue sur la vall\u00e9e! Gr\u00e2ce aux deux fen\u00eatres, cette pi\u00e8ce est tr\u00e8s lumineuse et cette lumi\u00e8re peut \u00eatre filtr\u00e9e \u00e0 volont\u00e9 avec les volets Louvre. Bien&hellip;<\/p>\n","protected":false},"author":2,"featured_media":0,"parent":5354,"menu_order":0,"comment_status":"closed","ping_status":"closed","template":"","meta":{"footnotes":""},"class_list":["post-5365","page","type-page","status-publish","hentry"],"_links":{"self":[{"href":"https:\/\/chateaudupommoy.com\/fr\/wp-json\/wp\/v2\/pages\/5365","targetHints":{"allow":["GET"]}}],"collection":[{"href":"https:\/\/chateaudupommoy.com\/fr\/wp-json\/wp\/v2\/pages"}],"about":[{"href":"https:\/\/chateaudupommoy.com\/fr\/wp-json\/wp\/v2\/types\/page"}],"author":[{"embeddable":true,"href":"https:\/\/chateaudupommoy.com\/fr\/wp-json\/wp\/v2\/users\/2"}],"replies":[{"embeddable":true,"href":"https:\/\/chateaudupommoy.com\/fr\/wp-json\/wp\/v2\/comments?post=5365"}],"version-history":[{"count":4,"href":"https:\/\/chateaudupommoy.com\/fr\/wp-json\/wp\/v2\/pages\/5365\/revisions"}],"predecessor-version":[{"id":5761,"href":"https:\/\/chateaudupommoy.com\/fr\/wp-json\/wp\/v2\/pages\/5365\/revisions\/5761"}],"up":[{"embeddable":true,"href":"https:\/\/chateaudupommoy.com\/fr\/wp-json\/wp\/v2\/pages\/5354"}],"wp:attachment":[{"href":"https:\/\/chateaudupommoy.com\/fr\/wp-json\/wp\/v2\/media?parent=5365"}],"curies":[{"name":"wp","href":"https:\/\/api.w.org\/{rel}","templated":true}]}}