{"id":5354,"date":"2019-06-12T16:40:06","date_gmt":"2019-06-12T16:40:06","guid":{"rendered":"https:\/\/www.chateaudupommoy.com\/le-chateau\/"},"modified":"2024-01-23T18:41:53","modified_gmt":"2024-01-23T18:41:53","slug":"le-chateau","status":"publish","type":"page","link":"https:\/\/chateaudupommoy.com\/fr\/le-chateau\/","title":{"rendered":"Le ch\u00e2teau"},"content":{"rendered":"\n<h1>\n\t\tLe ch\u00e2teau\n\t<\/h1>\n\t<p>Le ch\u00e2teau est situ\u00e9 dans un endroit magnifique avec un emplacement libre et une vue sur le paysage environnant. C&rsquo;est un b\u00e2timent historique, imposant et tr\u00e8s confortable. Avec un groupe plus important (jusqu&rsquo;\u00e0 20 personnes), chacun pourra trouver un moment de tranquillit\u00e9 dans les salons. Il y a beaucoup de place et de libert\u00e9 pour que vous puissiez vraiment profiter des vacances.<\/p>\n<p>&nbsp;<\/p>\n<p>Au rez-de-chauss\u00e9e, vous avez acc\u00e8s \u00e0 deux salons, une salle \u00e0 manger, une cuisine bien \u00e9quip\u00e9e avec toutes les possibilit\u00e9s pour une cuisine savoureuse et saine et une arri\u00e8re-cuisine s\u00e9par\u00e9e tr\u00e8s pratique. Il y a plusieurs si\u00e8ges dans le grand salon, afin que vous puissiez \u00eatre ensemble, mais aussi lire un livre en paix. Il y a m\u00eame un piano pour les m\u00e9lomanes! Bien s\u00fbr, il y a du WiFi gratuit.<\/p>\n\t\t\t\t<img loading=\"lazy\" decoding=\"async\" src=\"https:\/\/chateaudupommoy.com\/wp-content\/uploads\/2024\/01\/IMG_20230608_092916-Salon-min.png\" alt=\"Salon\" itemprop=\"image\" height=\"540\" width=\"720\" title=\"Salon\" onerror=\"this.style.display='none'\"  \/>\n\t\t\t<a href=\"http:\/\/www.chateaudupommoy.com\/reservez\" target=\"_self\" rel=\"noopener\">\n\t\t\t\t\t\t\tV\u00e9rifiez la disponibilit\u00e9\n\t\t\t<\/a>\n\t\t\t\t<img decoding=\"async\" src=\"https:\/\/chateaudupommoy.com\/wp-content\/uploads\/2019\/09\/IMG-7936-JA.jpg\" alt=\"IMG-7936 JA\" itemprop=\"image\" title=\"IMG-7936 JA\" onerror=\"this.style.display='none'\"  \/>\n\t<h2>Cuisine spacieuse<\/h2>\n<p>La cuisine offre suffisamment d&rsquo;espace et d&rsquo;\u00e9quipement pour cuisiner pour tout le groupe<\/p>\n\t\t\t\t<img loading=\"lazy\" decoding=\"async\" src=\"https:\/\/chateaudupommoy.com\/wp-content\/uploads\/2024\/01\/A.-Eetkamer-foto-Ad-schilderijenwand-min.jpg\" alt=\"Salle \u00e0 manger\" itemprop=\"image\" height=\"800\" width=\"600\" title=\"Salle \u00e0 manger\" onerror=\"this.style.display='none'\"  \/>\n\t<h2>Salle \u00e0 manger<\/h2>\n<p>Savourez un d\u00e9licieux repas ensemble. Beaucoup de si\u00e8ges, buffet, dressoir, r\u00e9frig\u00e9rateur et piano<\/p>\n\t\t\t\t<img loading=\"lazy\" decoding=\"async\" src=\"https:\/\/chateaudupommoy.com\/wp-content\/uploads\/2024\/01\/IMG_20230607_110022-terras-scaled.jpg\" alt=\"Terrasse\" itemprop=\"image\" height=\"1920\" width=\"2560\" title=\"Terrasse\" onerror=\"this.style.display='none'\"  \/>\n\t<h2>Terrasse<\/h2>\n<p>Belle terrasse au soleil depuis le matin et parfaite pour les longues soir\u00e9es douces<\/p>\n\t\t\t\t<img decoding=\"async\" src=\"https:\/\/chateaudupommoy.com\/wp-content\/uploads\/2020\/05\/IMG_1060-JA.jpg\" alt=\"IMG_1060 JA\" itemprop=\"image\" title=\"IMG_1060 JA\" onerror=\"this.style.display='none'\"  \/>\n\t<h2>Piscine<\/h2>\n<p>Pour une baignade rafra\u00eechissante lors des chaudes journ\u00e9es d&rsquo;\u00e9t\u00e9. Avec une belle terrasse ensoleill\u00e9e<\/p>\n\t\t\t\t<img decoding=\"async\" src=\"https:\/\/chateaudupommoy.com\/wp-content\/uploads\/2019\/10\/IMG_8065-JA.jpg\" alt=\"IMG_8065 JA\" itemprop=\"image\" title=\"IMG_8065 JA\" onerror=\"this.style.display='none'\"  \/>\n\t<h2>Terrasse du salon<\/h2>\n<p>Vous pouvez vous d\u00e9tendre, la terrasse du salon offre une vue magnifique<\/p>\n\n","protected":false},"excerpt":{"rendered":"<p>Le ch\u00e2teau Le ch\u00e2teau est situ\u00e9 dans un endroit magnifique avec un emplacement libre et une vue sur le paysage environnant. C&rsquo;est un b\u00e2timent historique, imposant et tr\u00e8s confortable. Avec un groupe plus important (jusqu&rsquo;\u00e0 20 personnes), chacun pourra trouver un moment de tranquillit\u00e9 dans les salons. Il y a beaucoup de place et de&hellip;<\/p>\n","protected":false},"author":2,"featured_media":0,"parent":0,"menu_order":0,"comment_status":"closed","ping_status":"closed","template":"","meta":{"footnotes":""},"class_list":["post-5354","page","type-page","status-publish","hentry"],"_links":{"self":[{"href":"https:\/\/chateaudupommoy.com\/fr\/wp-json\/wp\/v2\/pages\/5354","targetHints":{"allow":["GET"]}}],"collection":[{"href":"https:\/\/chateaudupommoy.com\/fr\/wp-json\/wp\/v2\/pages"}],"about":[{"href":"https:\/\/chateaudupommoy.com\/fr\/wp-json\/wp\/v2\/types\/page"}],"author":[{"embeddable":true,"href":"https:\/\/chateaudupommoy.com\/fr\/wp-json\/wp\/v2\/users\/2"}],"replies":[{"embeddable":true,"href":"https:\/\/chateaudupommoy.com\/fr\/wp-json\/wp\/v2\/comments?post=5354"}],"version-history":[{"count":10,"href":"https:\/\/chateaudupommoy.com\/fr\/wp-json\/wp\/v2\/pages\/5354\/revisions"}],"predecessor-version":[{"id":6425,"href":"https:\/\/chateaudupommoy.com\/fr\/wp-json\/wp\/v2\/pages\/5354\/revisions\/6425"}],"wp:attachment":[{"href":"https:\/\/chateaudupommoy.com\/fr\/wp-json\/wp\/v2\/media?parent=5354"}],"curies":[{"name":"wp","href":"https:\/\/api.w.org\/{rel}","templated":true}]}}