{"id":6745,"date":"2024-04-03T16:35:25","date_gmt":"2024-04-03T16:35:25","guid":{"rendered":"https:\/\/chateaudupommoy.com\/wanderurlaub-aufkeimender-fruehling-im-morvan\/"},"modified":"2024-06-12T21:17:48","modified_gmt":"2024-06-12T21:17:48","slug":"wanderurlaub-aufkeimender-fruehling-im-morvan","status":"publish","type":"page","link":"https:\/\/chateaudupommoy.com\/de\/wanderurlaub-aufkeimender-fruehling-im-morvan\/","title":{"rendered":"Wanderurlaub: Aufkeimender Fr\u00fchling im Morvan"},"content":{"rendered":"<p><img loading=\"lazy\" decoding=\"async\" class=\" wp-image-6347 aligncenter\" src=\"https:\/\/chateaudupommoy.com\/wp-content\/uploads\/2023\/10\/Foto-Riejan-lentewandelen-regenboog-0702-300x200.jpg\" alt=\"Een man en een vrouw wandelen in de groene omgeving in de Morvan onder een regenboog\" width=\"491\" height=\"327\" srcset=\"https:\/\/chateaudupommoy.com\/wp-content\/uploads\/2023\/10\/Foto-Riejan-lentewandelen-regenboog-0702-300x200.jpg 300w, https:\/\/chateaudupommoy.com\/wp-content\/uploads\/2023\/10\/Foto-Riejan-lentewandelen-regenboog-0702-1024x683.jpg 1024w, https:\/\/chateaudupommoy.com\/wp-content\/uploads\/2023\/10\/Foto-Riejan-lentewandelen-regenboog-0702-768x512.jpg 768w, https:\/\/chateaudupommoy.com\/wp-content\/uploads\/2023\/10\/Foto-Riejan-lentewandelen-regenboog-0702-1536x1024.jpg 1536w, https:\/\/chateaudupommoy.com\/wp-content\/uploads\/2023\/10\/Foto-Riejan-lentewandelen-regenboog-0702-2048x1365.jpg 2048w\" sizes=\"auto, (max-width: 491px) 100vw, 491px\" \/><\/p>\n<p>M\u00f6chten Sie sch\u00f6ne Spazierg\u00e4nge in der h\u00fcgeligen Landschaft des Morvan unternehmen? Entscheiden Sie sich f\u00fcr einen unbeschwerten Wanderurlaub im Ch\u00e2teau du Pommoy. Sie \u00fcbernachten in einem luxuri\u00f6sen Zimmer mit bequemen Betten und eigenem Bad.<\/p>\n<p>W\u00e4hlen Sie aus unserem Wandermen\u00fc die Wanderungen aus, die am besten zu Ihnen passen. Ganztagesausfl\u00fcge oder verk\u00fcrzte Spazierg\u00e4nge in Kombination mit einem Drink auf einer Terrasse.<\/p>\n<p><strong>Erfahrungen der Teilnehmer<\/strong><\/p>\n<p>\u201eWas f\u00fcr ein wundersch\u00f6ner Ort das ist! Luxuszimmer mit luxuri\u00f6sen Badezimmern, das ist wirklich sch\u00f6n, aber der Ausblick \u00fcber die Felder ist wirklich fantastisch. Ich m\u00f6chte jeden Morgen so aufwachen \ud83d\ude0d.\u201c<\/p>\n<p>\u201e\u2026 unsere Unterkunft in einem pr\u00e4chtigen Schloss, in dem Gastfreundschaft an erster Stelle steht und Sie nach einem sch\u00f6nen Spaziergang jeden Tag mit Leidenschaft und Fr\u00f6hlichkeit von unserer lieben Gastgeberin und Gastgeberin mehr als gut betreut werden. Das ist purer Genuss!!\u201c<\/p>\n<p><strong>Wanderauswahlmen\u00fc<\/strong><\/p>\n<p>Wir kennen die Gegend und stellen ein Paket mit sch\u00f6nen Wanderungen zusammen. Sie k\u00f6nnen aber auch aus unserer Auswahl an leichteren oder schwierigeren Wanderungen teilnehmen. Sie k\u00f6nnen alleine oder mit der Gruppe aufbrechen. Sie erhalten immer eine gute Beschreibung und bei manchen Touren kann Ad \u2013 auf Wunsch \u2013 als Reiseleiter fungieren oder Sie zum Ausgangspunkt bringen. Sie k\u00f6nnen Ihr Mittagessen in einer Tasche oder einem Rucksack mitnehmen, oder wir organisieren (je nach Wanderung) ein ausgiebiges Picknick.<\/p>\n<p><strong>Wanderauswahl<\/strong><\/p>\n<p>Wir haben sehr vielf\u00e4ltige Wanderm\u00f6glichkeiten: kurz oder lang, durch bergiges oder flaches Gel\u00e4nde, um Seen herum, durch W\u00e4lder, durch eine Schlucht kletternd oder durch die Stadt, zum Beispiel mit einem Besuch einer Kathedrale. Wir liefern immer gite Routenbeschreibungen, auf denen Sie &#8218;Le Haut-Morvan&#8216; kennenlernen. Der Schwierigkeitsgrad der Wanderungen variiert von \u25cf\u25cf bis \u25cf\u25cf\u25cf.<\/p>\n<ul>\n<li>Bibracte, Aussicht und Ausgrabungen (13 km)<\/li>\n<li>Glitzernde Wasserf\u00e4lle in Roussillon (11-30 km)<\/li>\n<li>Autun, eine der gr\u00f6\u00dften St\u00e4dte im r\u00f6mischen Gallien (9 km)<\/li>\n<li>Arleuf und das gallo-r\u00f6mische Theater (15 km)<\/li>\n<li>Rundwanderung vom Ch\u00e2teau du Pommoy mit Aussicht vom Mont Robert (16,5 km)<\/li>\n<li>Ch\u00e2teau-Chinon, die \u201eHauptstadt\u201c des Morvan (18 km)<\/li>\n<li>Gien sur Cure und der See von Settons (18 km)<\/li>\n<li>Die Gegend um den Panneci\u00e8re-See (17 km)<\/li>\n<li>\u2026<\/li>\n<\/ul>\n<p><strong>Reiseprogramm:<\/strong><\/p>\n<ul>\n<li>Anreise am ersten Tag zwischen 17:00 und 19:00 Uhr, anschlie\u00dfend Aperitif und Abendessen<\/li>\n<li>W\u00e4hlen Sie aus unserem Wandermen\u00fc f\u00fcr 5 Tage oder lassen Sie sich von den Wanderungen \u00fcberraschen, die wir f\u00fcr Sie zusammengestellt haben.<\/li>\n<li>Sie erhalten klare Wanderbeschreibungen<\/li>\n<li>Den Wanderurlaub lassen wir mit einem ausgiebigen Fr\u00fchst\u00fcck ausklingen<\/li>\n<\/ul>\n<p><strong>Dauer: <\/strong>7 Tage\/ 6 N\u00e4chte\/ 5 Wandertage<\/p>\n<p><strong>Planung:<\/strong>Dieser Urlaub wird im Jahr 2025 wieder angeboten<\/p>\n<p>Bei einer eigenen Gruppe ab 6 Personen k\u00f6nnen in Absprache auch andere Termine vereinbart werden.<\/p>\n<p><strong>Preis dieses Arrangements:<\/strong><\/p>\n<p>900 \u20ac pro Person bei 2 Personen im Zimmer; 1100 \u20ac f\u00fcr die alleinige Nutzung eines Doppelzimmers.<\/p>\n<p>Diese Reise findet ab einer Mindestteilnehmerzahl von 5 Personen statt. Maximale Gruppengr\u00f6\u00dfe: 14 Personen.<\/p>\n<p><strong>Inbegriffen sind:<\/strong><\/p>\n<ul>\n<li>Sechs \u00dcbernachtungen im Ch\u00e2teau du Pommoy, mitten im regionalen Naturpark Le Morvan, im burgundischen Frankreich<\/li>\n<li>Alle Mahlzeiten vor Ort (Fr\u00fchst\u00fccksbuffet, Mittagessen, Abendessen)<\/li>\n<li>Zwei Gl\u00e4ser Bier, Wein oder alkoholfreie Getr\u00e4nke zum Mittag- und Abendessen. Den ganzen Tag \u00fcber Kaffee, Tee und Wasser<\/li>\n<li>Nutzung der Schlosseinrichtungen, Bettw\u00e4sche, Handt\u00fccher<\/li>\n<li>Wegbeschreibungen und Karten<\/li>\n<li>Kurtaxe<\/li>\n<li>Nach dem Spaziergang erwarten Sie im Salon des Schlosses ein Snack und ein Getr\u00e4nk<\/li>\n<\/ul>\n<p><strong>Nicht enthalten:<\/strong><\/p>\n<ul>\n<li>die Reise zum und vom Ch\u00e2teau du Pommoy<\/li>\n<li>Transfers zum Ausgangspunkt der Rundwanderungen<\/li>\n<li>Weitere Getr\u00e4nke<\/li>\n<li>Ausgaben pers\u00f6nlicher Natur<\/li>\n<li>Versicherungen<\/li>\n<\/ul>\n<p><strong>Beachten Sie bitte:<\/strong><\/p>\n<p>Alle Wanderungen f\u00fchren \u00fcber mehr oder weniger unebenes Gel\u00e4nde. Achten Sie auf gute Wanderschuhe! Nehmen Sie unbedingt ein Fernglas mit. Es gibt mehrere Orte, von denen aus man bei sch\u00f6nem Wetter die Alpen und den Mont-Blanc sehen kann.<\/p>\n<ul>\n<li>Wanderstiefel<\/li>\n<li>bequeme Kleidung<\/li>\n<li>Regenkleidung<\/li>\n<li>Fernglas<\/li>\n<li>Spazierst\u00f6cke, falls gew\u00fcnscht<\/li>\n<\/ul>\n<p><strong>Kontakt und Buchung:<\/strong><\/p>\n<p>Telefon: 0031 6 28144952<br \/>\nEmail: info@chateaudupommoy.com<\/p>\n<script>\nvar gform;gform||(document.addEventListener(\"gform_main_scripts_loaded\",function(){gform.scriptsLoaded=!0}),document.addEventListener(\"gform\/theme\/scripts_loaded\",function(){gform.themeScriptsLoaded=!0}),window.addEventListener(\"DOMContentLoaded\",function(){gform.domLoaded=!0}),gform={domLoaded:!1,scriptsLoaded:!1,themeScriptsLoaded:!1,isFormEditor:()=>\"function\"==typeof InitializeEditor,callIfLoaded:function(o){return!(!gform.domLoaded||!gform.scriptsLoaded||!gform.themeScriptsLoaded&&!gform.isFormEditor()||(gform.isFormEditor()&&console.warn(\"The use of gform.initializeOnLoaded() is deprecated in the form editor context and will be removed in Gravity Forms 3.1.\"),o(),0))},initializeOnLoaded:function(o){gform.callIfLoaded(o)||(document.addEventListener(\"gform_main_scripts_loaded\",()=>{gform.scriptsLoaded=!0,gform.callIfLoaded(o)}),document.addEventListener(\"gform\/theme\/scripts_loaded\",()=>{gform.themeScriptsLoaded=!0,gform.callIfLoaded(o)}),window.addEventListener(\"DOMContentLoaded\",()=>{gform.domLoaded=!0,gform.callIfLoaded(o)}))},hooks:{action:{},filter:{}},addAction:function(o,r,e,t){gform.addHook(\"action\",o,r,e,t)},addFilter:function(o,r,e,t){gform.addHook(\"filter\",o,r,e,t)},doAction:function(o){gform.doHook(\"action\",o,arguments)},applyFilters:function(o){return gform.doHook(\"filter\",o,arguments)},removeAction:function(o,r){gform.removeHook(\"action\",o,r)},removeFilter:function(o,r,e){gform.removeHook(\"filter\",o,r,e)},addHook:function(o,r,e,t,n){null==gform.hooks[o][r]&&(gform.hooks[o][r]=[]);var d=gform.hooks[o][r];null==n&&(n=r+\"_\"+d.length),gform.hooks[o][r].push({tag:n,callable:e,priority:t=null==t?10:t})},doHook:function(r,o,e){var t;if(e=Array.prototype.slice.call(e,1),null!=gform.hooks[r][o]&&((o=gform.hooks[r][o]).sort(function(o,r){return o.priority-r.priority}),o.forEach(function(o){\"function\"!=typeof(t=o.callable)&&(t=window[t]),\"action\"==r?t.apply(null,e):e[0]=t.apply(null,e)})),\"filter\"==r)return e[0]},removeHook:function(o,r,t,n){var e;null!=gform.hooks[o][r]&&(e=(e=gform.hooks[o][r]).filter(function(o,r,e){return!!(null!=n&&n!=o.tag||null!=t&&t!=o.priority)}),gform.hooks[o][r]=e)}});\n<\/script>\n\n                <div class='gf_browser_gecko gform_wrapper gravity-theme gform-theme--no-framework' data-form-theme='gravity-theme' data-form-index='0' id='gform_wrapper_6' >\n                        <div class='gform_heading'>\n                            <h2 class=\"gform_title\">Wanderurlaub: Aufkeimender Fr\u00fchling im Morvan<\/h2>\n                            <p class='gform_description'>Stellen Sie eine Frage zur Wanderreise oder buchen Sie direkt<\/p>\n                        <\/div><form method='post' enctype='multipart\/form-data'  id='gform_6'  action='\/de\/wp-json\/wp\/v2\/pages\/6745' data-formid='6' novalidate>\n                        <div class='gform-body gform_body'><div id='gform_fields_6' class='gform_fields top_label form_sublabel_below description_below validation_below'><div id=\"field_6_1\" class=\"gfield gfield--type-text gfield_contains_required field_sublabel_below gfield--no-description field_description_below field_validation_below gfield_visibility_visible\"  ><label class='gfield_label gform-field-label' for='input_6_1'>E-Mail-Adresse<span class=\"gfield_required\"><span class=\"gfield_required gfield_required_text\">(erforderlich)<\/span><\/span><\/label><div class='ginput_container ginput_container_text'><input name='input_1' id='input_6_1' type='text' value='' class='large' maxlength='50'    aria-required=\"true\" aria-invalid=\"false\"   \/><\/div><\/div><div id=\"field_6_6\" class=\"gfield gfield--type-text gfield--width-full gfield_contains_required field_sublabel_below gfield--no-description field_description_below field_validation_below gfield_visibility_visible\"  ><label class='gfield_label gform-field-label' for='input_6_6'>Vorname<span class=\"gfield_required\"><span class=\"gfield_required gfield_required_text\">(erforderlich)<\/span><\/span><\/label><div class='ginput_container ginput_container_text'><input name='input_6' id='input_6_6' type='text' value='' class='large' maxlength='20'    aria-required=\"true\" aria-invalid=\"false\"   \/><\/div><\/div><div id=\"field_6_3\" class=\"gfield gfield--type-text gfield_contains_required field_sublabel_below gfield--no-description field_description_below field_validation_below gfield_visibility_visible\"  ><label class='gfield_label gform-field-label' for='input_6_3'>Nachname<span class=\"gfield_required\"><span class=\"gfield_required gfield_required_text\">(erforderlich)<\/span><\/span><\/label><div class='ginput_container ginput_container_text'><input name='input_3' id='input_6_3' type='text' value='' class='large' maxlength='50'    aria-required=\"true\" aria-invalid=\"false\"   \/><\/div><\/div><div id=\"field_6_4\" class=\"gfield gfield--type-text gfield_contains_required field_sublabel_below gfield--no-description field_description_below field_validation_below gfield_visibility_visible\"  ><label class='gfield_label gform-field-label' for='input_6_4'>Ihr Kommentar<span class=\"gfield_required\"><span class=\"gfield_required gfield_required_text\">(erforderlich)<\/span><\/span><\/label><div class='ginput_container ginput_container_text'><input name='input_4' id='input_6_4' type='text' value='' class='large' maxlength='500'    aria-required=\"true\" aria-invalid=\"false\"   \/><\/div><\/div><\/div><\/div>\n        <div class='gform-footer gform_footer top_label'> <input type='submit' id='gform_submit_button_6' class='gform_button button' onclick='gform.submission.handleButtonClick(this);' data-submission-type='submit' value='Absenden'  \/> \n            <input type='hidden' class='gform_hidden' name='gform_submission_method' data-js='gform_submission_method_6' value='postback' \/>\n            <input type='hidden' class='gform_hidden' name='gform_theme' data-js='gform_theme_6' id='gform_theme_6' value='gravity-theme' \/>\n            <input type='hidden' class='gform_hidden' name='gform_style_settings' data-js='gform_style_settings_6' id='gform_style_settings_6' value='[]' \/>\n            <input type='hidden' class='gform_hidden' name='is_submit_6' value='1' \/>\n            <input type='hidden' class='gform_hidden' name='gform_submit' value='6' \/>\n            \n            <input type='hidden' class='gform_hidden' name='gform_currency' data-currency='EUR' value='ZowHjrmuYcJDyIZmxipaB0b1aaG0ROJ5mjefpRPpKKg6tNjr7Ohr34DPyTocSlexWjIkrLTqqWW3pKo2L8frHQNmbbO8IoGzzdaA3Wa+4RL68lE=' \/>\n            <input type='hidden' class='gform_hidden' name='gform_unique_id' value='' \/>\n            <input type='hidden' class='gform_hidden' name='state_6' value='WyJbXSIsImYwOWVjYTRiZTc5ZTc0Mjg0ZmYzMTY5YmU0NmVlOTczIl0=' \/>\n            <input type='hidden' autocomplete='off' class='gform_hidden' name='gform_target_page_number_6' id='gform_target_page_number_6' value='0' \/>\n            <input type='hidden' autocomplete='off' class='gform_hidden' name='gform_source_page_number_6' id='gform_source_page_number_6' value='1' \/>\n            <input type='hidden' name='gform_field_values' value='' \/>\n            \n        <\/div>\n                        <\/form>\n                        <\/div><script>\ngform.initializeOnLoaded( function() {gformInitSpinner( 6, 'https:\/\/chateaudupommoy.com\/wp-content\/plugins\/gravityforms\/images\/spinner.svg', true );jQuery('#gform_ajax_frame_6').on('load',function(){var contents = jQuery(this).contents().find('*').html();var is_postback = contents.indexOf('GF_AJAX_POSTBACK') >= 0;if(!is_postback){return;}var form_content = jQuery(this).contents().find('#gform_wrapper_6');var is_confirmation = jQuery(this).contents().find('#gform_confirmation_wrapper_6').length > 0;var is_redirect = contents.indexOf('gformRedirect(){') >= 0;var is_form = form_content.length > 0 && ! is_redirect && ! is_confirmation;var mt = parseInt(jQuery('html').css('margin-top'), 10) + parseInt(jQuery('body').css('margin-top'), 10) + 100;if(is_form){jQuery('#gform_wrapper_6').html(form_content.html());if(form_content.hasClass('gform_validation_error')){jQuery('#gform_wrapper_6').addClass('gform_validation_error');} else {jQuery('#gform_wrapper_6').removeClass('gform_validation_error');}setTimeout( function() { \/* delay the scroll by 50 milliseconds to fix a bug in chrome *\/  }, 50 );if(window['gformInitDatepicker']) {gformInitDatepicker();}if(window['gformInitPriceFields']) {gformInitPriceFields();}var current_page = jQuery('#gform_source_page_number_6').val();gformInitSpinner( 6, 'https:\/\/chateaudupommoy.com\/wp-content\/plugins\/gravityforms\/images\/spinner.svg', true );jQuery(document).trigger('gform_page_loaded', [6, current_page]);window['gf_submitting_6'] = false;}else if(!is_redirect){var confirmation_content = jQuery(this).contents().find('.GF_AJAX_POSTBACK').html();if(!confirmation_content){confirmation_content = contents;}jQuery('#gform_wrapper_6').replaceWith(confirmation_content);jQuery(document).trigger('gform_confirmation_loaded', [6]);window['gf_submitting_6'] = false;wp.a11y.speak(jQuery('#gform_confirmation_message_6').text());}else{jQuery('#gform_6').append(contents);if(window['gformRedirect']) {gformRedirect();}}jQuery(document).trigger(\"gform_pre_post_render\", [{ formId: \"6\", currentPage: \"current_page\", abort: function() { this.preventDefault(); } }]);        if (event && event.defaultPrevented) {                return;        }        const gformWrapperDiv = document.getElementById( \"gform_wrapper_6\" );        if ( gformWrapperDiv ) {            const visibilitySpan = document.createElement( \"span\" );            visibilitySpan.id = \"gform_visibility_test_6\";            gformWrapperDiv.insertAdjacentElement( \"afterend\", visibilitySpan );        }        const visibilityTestDiv = document.getElementById( \"gform_visibility_test_6\" );        let postRenderFired = false;        function triggerPostRender() {            if ( postRenderFired ) {                return;            }            postRenderFired = true;            gform.core.triggerPostRenderEvents( 6, current_page );            if ( visibilityTestDiv ) {                visibilityTestDiv.parentNode.removeChild( visibilityTestDiv );            }        }        function debounce( func, wait, immediate ) {            var timeout;            return function() {                var context = this, args = arguments;                var later = function() {                    timeout = null;                    if ( !immediate ) func.apply( context, args );                };                var callNow = immediate && !timeout;                clearTimeout( timeout );                timeout = setTimeout( later, wait );                if ( callNow ) func.apply( context, args );            };        }        const debouncedTriggerPostRender = debounce( function() {            triggerPostRender();        }, 200 );        if ( visibilityTestDiv && visibilityTestDiv.offsetParent === null ) {            const observer = new MutationObserver( ( mutations ) => {                mutations.forEach( ( mutation ) => {                    if ( mutation.type === 'attributes' && visibilityTestDiv.offsetParent !== null ) {                        debouncedTriggerPostRender();                        observer.disconnect();                    }                });            });            observer.observe( document.body, {                attributes: true,                childList: false,                subtree: true,                attributeFilter: [ 'style', 'class' ],            });        } else {            triggerPostRender();        }    } );} );\n<\/script>\n\n","protected":false},"excerpt":{"rendered":"<p>M\u00f6chten Sie sch\u00f6ne Spazierg\u00e4nge in der h\u00fcgeligen Landschaft des Morvan unternehmen? Entscheiden Sie sich f\u00fcr einen unbeschwerten Wanderurlaub im Ch\u00e2teau du Pommoy. Sie \u00fcbernachten in einem luxuri\u00f6sen Zimmer mit bequemen Betten und eigenem Bad. W\u00e4hlen Sie aus unserem Wandermen\u00fc die Wanderungen aus, die am besten zu Ihnen passen. Ganztagesausfl\u00fcge oder verk\u00fcrzte Spazierg\u00e4nge in Kombination mit&hellip;<\/p>\n","protected":false},"author":2,"featured_media":0,"parent":0,"menu_order":0,"comment_status":"closed","ping_status":"closed","template":"","meta":{"footnotes":""},"class_list":["post-6745","page","type-page","status-publish","hentry"],"_links":{"self":[{"href":"https:\/\/chateaudupommoy.com\/de\/wp-json\/wp\/v2\/pages\/6745","targetHints":{"allow":["GET"]}}],"collection":[{"href":"https:\/\/chateaudupommoy.com\/de\/wp-json\/wp\/v2\/pages"}],"about":[{"href":"https:\/\/chateaudupommoy.com\/de\/wp-json\/wp\/v2\/types\/page"}],"author":[{"embeddable":true,"href":"https:\/\/chateaudupommoy.com\/de\/wp-json\/wp\/v2\/users\/2"}],"replies":[{"embeddable":true,"href":"https:\/\/chateaudupommoy.com\/de\/wp-json\/wp\/v2\/comments?post=6745"}],"version-history":[{"count":3,"href":"https:\/\/chateaudupommoy.com\/de\/wp-json\/wp\/v2\/pages\/6745\/revisions"}],"predecessor-version":[{"id":6812,"href":"https:\/\/chateaudupommoy.com\/de\/wp-json\/wp\/v2\/pages\/6745\/revisions\/6812"}],"wp:attachment":[{"href":"https:\/\/chateaudupommoy.com\/de\/wp-json\/wp\/v2\/media?parent=6745"}],"curies":[{"name":"wp","href":"https:\/\/api.w.org\/{rel}","templated":true}]}}