{"id":6727,"date":"2024-03-30T16:43:45","date_gmt":"2024-03-30T16:43:45","guid":{"rendered":"https:\/\/chateaudupommoy.com\/arrangements\/fahrrad-ferien\/"},"modified":"2025-05-26T16:47:26","modified_gmt":"2025-05-26T16:47:26","slug":"fahrrad-ferien","status":"publish","type":"page","link":"https:\/\/chateaudupommoy.com\/de\/arrangements\/fahrrad-ferien\/","title":{"rendered":"Fahrrad-ferien"},"content":{"rendered":"<h2><img loading=\"lazy\" decoding=\"async\" class=\" wp-image-4634 alignleft\" src=\"https:\/\/chateaudupommoy.com\/wp-content\/uploads\/2019\/01\/landscape-713050_1920.jpg\" alt=\"\" width=\"385\" height=\"289\" srcset=\"https:\/\/chateaudupommoy.com\/wp-content\/uploads\/2019\/01\/landscape-713050_1920.jpg 1920w, https:\/\/chateaudupommoy.com\/wp-content\/uploads\/2019\/01\/landscape-713050_1920-300x225.jpg 300w, https:\/\/chateaudupommoy.com\/wp-content\/uploads\/2019\/01\/landscape-713050_1920-768x576.jpg 768w, https:\/\/chateaudupommoy.com\/wp-content\/uploads\/2019\/01\/landscape-713050_1920-1024x768.jpg 1024w\" sizes=\"auto, (max-width: 385px) 100vw, 385px\" \/><\/h2>\n<p>&nbsp;<\/p>\n<p>Mit Ihrem Radsportverein abseits der ausgetretenen Pfade unterwegs sein?<\/p>\n<p>Im Morvan handelt es sich um sportliches Radfahren f\u00fcr erfahrene Radfahrer. Die Landschaft ist h\u00fcgelig und abwechslungsreich, mit vielen Stra\u00dfen im Landesinneren, oft autofrei, mitten in der Natur, mit D\u00f6rfern, Fl\u00fcssen, Burgen, sch\u00f6nen Aussichten und wunderbar sauberer Luft.<\/p>\n<p>&nbsp;<\/p>\n<p><img loading=\"lazy\" decoding=\"async\" class=\"wp-image-4643 alignright\" src=\"https:\/\/chateaudupommoy.com\/wp-content\/uploads\/2019\/01\/cycling-2520007_1920.jpg\" alt=\"\" width=\"258\" height=\"172\" srcset=\"https:\/\/chateaudupommoy.com\/wp-content\/uploads\/2019\/01\/cycling-2520007_1920.jpg 1920w, https:\/\/chateaudupommoy.com\/wp-content\/uploads\/2019\/01\/cycling-2520007_1920-300x200.jpg 300w, https:\/\/chateaudupommoy.com\/wp-content\/uploads\/2019\/01\/cycling-2520007_1920-768x512.jpg 768w, https:\/\/chateaudupommoy.com\/wp-content\/uploads\/2019\/01\/cycling-2520007_1920-1024x683.jpg 1024w\" sizes=\"auto, (max-width: 258px) 100vw, 258px\" \/><\/p>\n<p>&nbsp;<\/p>\n<p>Ch\u00e2teau du Pommoy bietet ein komplettes und luxuri\u00f6ses Paket f\u00fcr Radfahrergruppen. Das Paket besteht aus einem Aufenthalt in einem komfortablen und gro\u00dfen Doppelzimmer im Schloss mit eigenem Bad, Mahlzeiten und einem einzigartigen Service: Wir liefern das Mittagessen zur vereinbarten Zeit und am vereinbarten Ort!<\/p>\n<p>Nehmen Sie am Abend nach der Tour ein erfrischendes Bad im Pool. Und dann m\u00fcssen Sie sich nur noch hinsetzen und eine k\u00f6stliche Mahlzeit genie\u00dfen.<\/p>\n<p><img loading=\"lazy\" decoding=\"async\" class=\"alignnone wp-image-4805\" src=\"http:\/\/www.chateaudupommoy.com\/wp-content\/uploads\/2019\/01\/cycling-1938927_1920-e1548535345522.jpg\" alt=\"\" width=\"269\" height=\"186\" srcset=\"https:\/\/chateaudupommoy.com\/wp-content\/uploads\/2019\/01\/cycling-1938927_1920-e1548535345522.jpg 1920w, https:\/\/chateaudupommoy.com\/wp-content\/uploads\/2019\/01\/cycling-1938927_1920-e1548535345522-300x207.jpg 300w, https:\/\/chateaudupommoy.com\/wp-content\/uploads\/2019\/01\/cycling-1938927_1920-e1548535345522-768x530.jpg 768w, https:\/\/chateaudupommoy.com\/wp-content\/uploads\/2019\/01\/cycling-1938927_1920-e1548535345522-1024x707.jpg 1024w\" sizes=\"auto, (max-width: 269px) 100vw, 269px\" \/><\/p>\n<p><strong>Reiseprogramm<\/strong>:<\/p>\n<ul>\n<li>Sie kommen am ersten Abend (zwischen 17 und 19 Uhr) zu einem Aperitif und Abendessen an<\/li>\n<li>Vom zweiten bis zum vorletzten Tag touren Sie mit Ihrer Radgruppe durch die Gegend. Sie k\u00f6nnen Ihr Fahrrad unter Dach sauber und trocken lagern.<\/li>\n<li>Am letzten Morgen vor der Abreise erwartet Sie ein ausgiebiges Fr\u00fchst\u00fcck. So k\u00f6nnen Sie ausgeruht wieder auf die Stra\u00dfe gehen<\/li>\n<\/ul>\n<p>&nbsp;<\/p>\n<p>Preis dieses Pakets: 995 \u20ac pro Person<\/p>\n<p>Gruppengr\u00f6\u00dfe: 8 &#8211; 20 Teilnehmer<\/p>\n<p>&nbsp;<\/p>\n<p><strong>Inbegriffen sind:<\/strong><\/p>\n<ul>\n<li><span class=\"color_15 wixui-rich-text__text\"><span class=\"wixui-rich-text__text\">Sieben \u00dcbernachtungen im Ch\u00e2teau du Pommoy<\/span><\/span><\/li>\n<li>Alle Mahlzeiten vor Ort (Fr\u00fchst\u00fccksbuffet, Mittagessen, Abendessen)<\/li>\n<li><span class=\"color_15 wixui-rich-text__text\"><span class=\"wixui-rich-text__text\">Zwei Gl\u00e4ser Bier, Wein oder alkoholfreie Getr\u00e4nke zum Mittag- und Abendessen. Den ganzen Tag \u00fcber: Kaffee, Tee und Wasser<\/span><\/span><\/li>\n<li><span class=\"color_15 wixui-rich-text__text\"><span class=\"wixui-rich-text__text\">Nutzung der Schlosseinrichtungen, Bettw\u00e4sche, Handt\u00fccher<\/span><\/span><\/li>\n<li>Fahrradkeller im Innenbereich<\/li>\n<li>Mittagsmahlzeit am vereinbarten Ort<\/li>\n<li>Kurtaxe<\/li>\n<\/ul>\n<p><strong>Nicht enthalten:<\/strong><\/p>\n<ul>\n<li><span class=\"color_15 wixui-rich-text__text\"><span class=\"wixui-rich-text__text\">Die Reise von und nach Roussillon-en-Morvan<\/span><\/span><\/li>\n<li>Transport Ihres Fahrrades<\/li>\n<li>weitere Getr\u00e4nke<\/li>\n<li>Ausgaben pers\u00f6nlicher Art<\/li>\n<li>Versicherungen<\/li>\n<\/ul>\n<p>&nbsp;<\/p>\n<p>Kontakt und buchen:<\/p>\n<p>Telefon : 0031 6 281 449 52<\/p>\n<p>Email : <a href=\"mailto:info@chateaudupommoy.com\">info@chateaudupommoy.com<\/a><\/p>\n","protected":false},"excerpt":{"rendered":"<p>&nbsp; Mit Ihrem Radsportverein abseits der ausgetretenen Pfade unterwegs sein? Im Morvan handelt es sich um sportliches Radfahren f\u00fcr erfahrene Radfahrer. Die Landschaft ist h\u00fcgelig und abwechslungsreich, mit vielen Stra\u00dfen im Landesinneren, oft autofrei, mitten in der Natur, mit D\u00f6rfern, Fl\u00fcssen, Burgen, sch\u00f6nen Aussichten und wunderbar sauberer Luft. &nbsp; &nbsp; Ch\u00e2teau du Pommoy bietet ein&hellip;<\/p>\n","protected":false},"author":2,"featured_media":0,"parent":6711,"menu_order":0,"comment_status":"closed","ping_status":"closed","template":"","meta":{"footnotes":""},"class_list":["post-6727","page","type-page","status-publish","hentry"],"_links":{"self":[{"href":"https:\/\/chateaudupommoy.com\/de\/wp-json\/wp\/v2\/pages\/6727","targetHints":{"allow":["GET"]}}],"collection":[{"href":"https:\/\/chateaudupommoy.com\/de\/wp-json\/wp\/v2\/pages"}],"about":[{"href":"https:\/\/chateaudupommoy.com\/de\/wp-json\/wp\/v2\/types\/page"}],"author":[{"embeddable":true,"href":"https:\/\/chateaudupommoy.com\/de\/wp-json\/wp\/v2\/users\/2"}],"replies":[{"embeddable":true,"href":"https:\/\/chateaudupommoy.com\/de\/wp-json\/wp\/v2\/comments?post=6727"}],"version-history":[{"count":7,"href":"https:\/\/chateaudupommoy.com\/de\/wp-json\/wp\/v2\/pages\/6727\/revisions"}],"predecessor-version":[{"id":7057,"href":"https:\/\/chateaudupommoy.com\/de\/wp-json\/wp\/v2\/pages\/6727\/revisions\/7057"}],"up":[{"embeddable":true,"href":"https:\/\/chateaudupommoy.com\/de\/wp-json\/wp\/v2\/pages\/6711"}],"wp:attachment":[{"href":"https:\/\/chateaudupommoy.com\/de\/wp-json\/wp\/v2\/media?parent=6727"}],"curies":[{"name":"wp","href":"https:\/\/api.w.org\/{rel}","templated":true}]}}