{"id":6719,"date":"2024-03-30T09:10:06","date_gmt":"2024-03-30T09:10:06","guid":{"rendered":"https:\/\/chateaudupommoy.com\/arrangements\/besseres-franzoesisch-sprechen\/"},"modified":"2026-01-01T14:14:08","modified_gmt":"2026-01-01T14:14:08","slug":"floetensommerkurs","status":"publish","type":"page","link":"https:\/\/chateaudupommoy.com\/de\/arrangements\/floetensommerkurs\/","title":{"rendered":"Fl\u00f6tensommerkurs"},"content":{"rendered":"<p><strong>FL\u00d6TEN-SOMMERKURS VOM 22.-29. AUGUST 2026<\/strong><\/p>\n<p><span class=\"wixui-rich-text__text\">Sind Sie ein fortgeschrittener oder professioneller Fl\u00f6tist und m\u00f6chten Ihr Spiel auf das n\u00e4chste Niveau bringen? Lassen Sie sich von erstklassigen Dozenten inspirieren und genie\u00dfen Sie einen einzigartigen musikalischen Urlaub in einer atemberaubenden Umgebung!<\/span><span class=\"wixui-rich-text__text\"><span class=\"color_15 wixui-rich-text__text\">\u200b<\/span><\/span><span class=\"wixui-rich-text__text\">\u00a0<\/span><\/p>\n<h3><strong>Die Dozenten<\/strong><\/h3>\n<p><img loading=\"lazy\" decoding=\"async\" class=\"wp-image-6979 alignleft\" src=\"https:\/\/chateaudupommoy.com\/wp-content\/uploads\/2025\/05\/Philippa-40-scaled.jpg\" alt=\"\" width=\"155\" height=\"233\" srcset=\"https:\/\/chateaudupommoy.com\/wp-content\/uploads\/2025\/05\/Philippa-40-scaled.jpg 1707w, https:\/\/chateaudupommoy.com\/wp-content\/uploads\/2025\/05\/Philippa-40-200x300.jpg 200w, https:\/\/chateaudupommoy.com\/wp-content\/uploads\/2025\/05\/Philippa-40-683x1024.jpg 683w, https:\/\/chateaudupommoy.com\/wp-content\/uploads\/2025\/05\/Philippa-40-768x1152.jpg 768w, https:\/\/chateaudupommoy.com\/wp-content\/uploads\/2025\/05\/Philippa-40-1024x1536.jpg 1024w, https:\/\/chateaudupommoy.com\/wp-content\/uploads\/2025\/05\/Philippa-40-1365x2048.jpg 1365w\" sizes=\"auto, (max-width: 155px) 100vw, 155px\" \/><\/p>\n<p><strong>Philippa Davies<\/strong><br \/>\nPhilippa Davies, Fl\u00f6tistin des Nash Ensembles und der London Winds sowie Professorin an der renommierten Guildhall School of Music and Drama, geh\u00f6rt zur internationalen Elite. Ihre inspirierenden Unterrichtsstunden und ihre meisterhafte Technik sind ein Muss f\u00fcr jeden ambitionierten Fl\u00f6tisten<\/p>\n<p><strong><img loading=\"lazy\" decoding=\"async\" class=\"wp-image-6985 alignright\" src=\"https:\/\/chateaudupommoy.com\/wp-content\/uploads\/2025\/05\/JW-Nelleke-credit-Annemieke-Tonnaer.jpg\" alt=\"\" width=\"143\" height=\"215\" srcset=\"https:\/\/chateaudupommoy.com\/wp-content\/uploads\/2025\/05\/JW-Nelleke-credit-Annemieke-Tonnaer.jpg 1679w, https:\/\/chateaudupommoy.com\/wp-content\/uploads\/2025\/05\/JW-Nelleke-credit-Annemieke-Tonnaer-200x300.jpg 200w, https:\/\/chateaudupommoy.com\/wp-content\/uploads\/2025\/05\/JW-Nelleke-credit-Annemieke-Tonnaer-683x1024.jpg 683w, https:\/\/chateaudupommoy.com\/wp-content\/uploads\/2025\/05\/JW-Nelleke-credit-Annemieke-Tonnaer-768x1152.jpg 768w, https:\/\/chateaudupommoy.com\/wp-content\/uploads\/2025\/05\/JW-Nelleke-credit-Annemieke-Tonnaer-1024x1536.jpg 1024w, https:\/\/chateaudupommoy.com\/wp-content\/uploads\/2025\/05\/JW-Nelleke-credit-Annemieke-Tonnaer-1365x2048.jpg 1365w\" sizes=\"auto, (max-width: 143px) 100vw, 143px\" \/><\/strong><\/p>\n<p><strong>Jan Willem Nelleke<\/strong><br \/>\nDieser vielseitige niederl\u00e4ndische Pianist und renommierte Lehrer bringt seine Erfahrung als Begleiter, Kammermusiker und Arrangeur in den Kurs ein. Er ist mit dem K\u00f6niglichen Konservatorium in Den Haag und dem Franz-Schubert-Institut verbunden. Eine einzigartige Gelegenheit, mit einem Meisterpianisten zu musizieren!<\/p>\n<p><strong>Der Kurs<\/strong><br \/>\nSie spielen vor allem in kleinen Gruppen, die (auf English) von Philippa Davies betreut werden. Zus\u00e4tzlich bietet Philippa Workshops und \u00dcbungen f\u00fcr alle Teilnehmer an. Es besteht au\u00dferdem die M\u00f6glichkeit, vorbereitete Fl\u00f6tensoli mit Klavierbegleitung von Jan Willem Nelleke zu spielen und an Ad-hoc-Ensembles teilzunehmen. Um sicherzustellen, dass alle Teilnehmer ausreichend pers\u00f6nliche Betreuung erhalten, ist die Teilnehmerzahl auf 14 begrenzt.<\/p>\n<p>Das Repertoire f\u00fcr 2026 wird einige Wochen vor Kursbeginn bekannt gegeben. Wir bem\u00fchen uns, den gr\u00f6\u00dften Teil des Repertoires im Voraus zur Verf\u00fcgung zu stellen, damit Sie Ihre St\u00fccke vorbereiten k\u00f6nnen.<\/p>\n<p>Im Laufe der Woche geben Philippa Davies und Jan Willem Nelleke ein Konzert, das immer ein fantastisches Ereignis ist und von der lokalen Gemeinschaft sehr gesch\u00e4tzt wird. Der Kurs endet mit einem informellen Konzert der Teilnehmer f\u00fcr ein geladenes Publikum<\/p>\n<p><strong>Kursniveau<\/strong><br \/>\nDieser Sommerfl\u00f6tenkurs richtet sich an fortgeschrittene und professionelle Fl\u00f6tisten, die ihr Fl\u00f6tenspiel und ihre Kenntnisse in Kammermusik in einer entspannten und inspirierenden Atmosph\u00e4re vertiefen m\u00f6chten.<\/p>\n<p>F\u00fcr neue Teilnehmer dient das untenstehende Repertoire als Orientierungshilfe f\u00fcr das erforderliche Niveau. Sie sollten mindestens eines der folgenden Werke spielen k\u00f6nnen:<br \/>\n&#8211; Gabriel Faur\u00e9 \u2013 Fantasie f\u00fcr Fl\u00f6te und Klavier<br \/>\n&#8211; Sergei Prokofjew \u2013 Sonate (Erster Satz)<br \/>\n&#8211; Francis Poulenc \u2013 Sonate f\u00fcr Fl\u00f6te und Klavier<\/p>\n<p><strong>Tagesablauf<\/strong><br \/>\n<span class=\"wixui-rich-text__text\">Jeder Tag umfasst drei Sitzungen von jeweils 90 Minuten unter der Leitung von Philippa Davies: zwei vor dem Mittagessen und eine zwischen Nachmittagstee und Abendessen. Die Teilnehmer k\u00f6nnen am Nachmittag und fr\u00fchen Abend eigene Ensembleproben organisieren. Nach dem Abendessen findet oft zus\u00e4tzlich informelles Musizieren statt.<\/span><\/p>\n<p class=\"font_8 wixui-rich-text__text\"><span class=\"wixui-rich-text__text\">Die geleiteten Sitzungen beinhalten eine Mischung aus Workshops (z. B. Haltung, Atmung, Klangbildung) und Repertoireproben, meist in kleinen Gruppen und gelegentlich im Ensemble.<\/span><\/p>\n<p class=\"font_8 wixui-rich-text__text\"><span class=\"wixui-rich-text__text\">M\u00f6chten Sie lieber eine Pause am Nachmittag einlegen? Dann genie\u00dfen Sie (z.B.) einen Spaziergang im Regionalen Naturpark Morvan oder entspannen Sie sich am Pool.<\/span><\/p>\n<p><img loading=\"lazy\" decoding=\"async\" class=\"size-medium wp-image-6500 alignleft\" src=\"https:\/\/chateaudupommoy.com\/wp-content\/uploads\/2024\/02\/Zwembad-min-1708623070950-300x140.jpg\" alt=\"\" width=\"300\" height=\"140\" srcset=\"https:\/\/chateaudupommoy.com\/wp-content\/uploads\/2024\/02\/Zwembad-min-1708623070950-300x140.jpg 300w, https:\/\/chateaudupommoy.com\/wp-content\/uploads\/2024\/02\/Zwembad-min-1708623070950-768x360.jpg 768w, https:\/\/chateaudupommoy.com\/wp-content\/uploads\/2024\/02\/Zwembad-min-1708623070950.jpg 788w\" sizes=\"auto, (max-width: 300px) 100vw, 300px\" \/><\/p>\n<p>&nbsp;<\/p>\n<p style=\"text-align: left;\"><em>Zwischendurch k\u00f6nnen Sie in das Schwimmbad des Ch\u00e2teau du Pommoy eintauchen &#8230;<\/em><\/p>\n<p>&nbsp;<\/p>\n<p>&nbsp;<\/p>\n<p><strong>Inbegriffen sind<\/strong><br \/>\n&#8211; \u200b\u200bSieben \u00dcbernachtungen<br \/>\n&#8211; Alle Mahlzeiten (Fr\u00fchst\u00fccksbuffet, Mittagessen, Aperitif, Abendessen)<br \/>\n&#8211; Getr\u00e4nke zu den Mahlzeiten und Aperitifs (inklusive Wein zum Abendessen)<br \/>\n&#8211; Kaffee, Tee und Wasser den ganzen Tag \u00fcber<br \/>\n&#8211; Nutzung der Einrichtungen des Schlosses, einschlie\u00dflich Bettw\u00e4sche und Handt\u00fccher<br \/>\n&#8211; Kostenloses WLAN<br \/>\n&#8211; Teilnahme am Kurs wie beschrieben (ausgenommen nicht-teilnehmende G\u00e4ste)\u00a0\u200b<\/p>\n<p><strong>\u200bNicht enthalten<\/strong><br \/>\n&#8211; An- und Abreise nach\/von Roussillon-en-Morvan<br \/>\n&#8211; Kurtaxe<br \/>\n&#8211; Pers\u00f6nliche Ausgaben, die oben nicht erw\u00e4hnt sind<br \/>\n&#8211; Zus\u00e4tzliche Getr\u00e4nke, die \u00fcber das Standardangebot hinausgehen, k\u00f6nnen gegen Aufpreis bestellt werden<\/p>\n<p><strong>Preise und weitere informationen<\/strong><br \/>\nTeilnehmer der Fl\u00f6tenwoche (7 N\u00e4chte, pro Person):<br \/>\n&#8211; Geteiltes Doppelzimmer oder Twin-Zimmer mit eigenem Bad: 1015 \u20ac<br \/>\n&#8211; Doppelzimmer zur Einzelnutzung mit eigenem Bad: 1.320 \u20ac<br \/>\n&#8211; Nicht-teilnehmender Gast im Zimmer eines Teilnehmers: 710 \u20ac<\/p>\n<p>An- und Abreise<br \/>\nAnreise: Nach 18:00 Uhr am ersten Tag<br \/>\nAbreise: Vor 10:00 Uhr am letzten Tag<br \/>\nAbendessen wird am ersten Tag gegen 20:00 Uhr serviert<\/p>\n<p>Der Fl\u00f6ten-Sommerkurs findet ab einer Teilnehmerzahl von mindestens 10 Personen statt.<\/p>\n<p>Reservierungen und weitere Informationen \u00fcber <a href=\"mailto:info@chateaudupommoy.com\">info@chateaudupommoy.com<\/a> oder <a href=\"mailto:cursusinfrankrijk@gmail.com\">cursusinfrankrijk@gmail.com.<\/a><\/p>\n<p>*Auf Wunsch k\u00f6nnen die Teilnehmer auch gemeinsam anreisen. Wir k\u00f6nnen Ihnen dabei helfen, miteinander in Kontakt zu treten.<\/p>\n<p>&nbsp;<\/p>\n","protected":false},"excerpt":{"rendered":"<p>FL\u00d6TEN-SOMMERKURS VOM 22.-29. AUGUST 2026 Sind Sie ein fortgeschrittener oder professioneller Fl\u00f6tist und m\u00f6chten Ihr Spiel auf das n\u00e4chste Niveau bringen? Lassen Sie sich von erstklassigen Dozenten inspirieren und genie\u00dfen Sie einen einzigartigen musikalischen Urlaub in einer atemberaubenden Umgebung!\u200b\u00a0 Die Dozenten Philippa Davies Philippa Davies, Fl\u00f6tistin des Nash Ensembles und der London Winds sowie Professorin&hellip;<\/p>\n","protected":false},"author":2,"featured_media":0,"parent":6711,"menu_order":0,"comment_status":"closed","ping_status":"closed","template":"","meta":{"footnotes":""},"class_list":["post-6719","page","type-page","status-publish","hentry"],"_links":{"self":[{"href":"https:\/\/chateaudupommoy.com\/de\/wp-json\/wp\/v2\/pages\/6719","targetHints":{"allow":["GET"]}}],"collection":[{"href":"https:\/\/chateaudupommoy.com\/de\/wp-json\/wp\/v2\/pages"}],"about":[{"href":"https:\/\/chateaudupommoy.com\/de\/wp-json\/wp\/v2\/types\/page"}],"author":[{"embeddable":true,"href":"https:\/\/chateaudupommoy.com\/de\/wp-json\/wp\/v2\/users\/2"}],"replies":[{"embeddable":true,"href":"https:\/\/chateaudupommoy.com\/de\/wp-json\/wp\/v2\/comments?post=6719"}],"version-history":[{"count":11,"href":"https:\/\/chateaudupommoy.com\/de\/wp-json\/wp\/v2\/pages\/6719\/revisions"}],"predecessor-version":[{"id":7140,"href":"https:\/\/chateaudupommoy.com\/de\/wp-json\/wp\/v2\/pages\/6719\/revisions\/7140"}],"up":[{"embeddable":true,"href":"https:\/\/chateaudupommoy.com\/de\/wp-json\/wp\/v2\/pages\/6711"}],"wp:attachment":[{"href":"https:\/\/chateaudupommoy.com\/de\/wp-json\/wp\/v2\/media?parent=6719"}],"curies":[{"name":"wp","href":"https:\/\/api.w.org\/{rel}","templated":true}]}}