{"id":6696,"date":"2024-03-24T16:33:02","date_gmt":"2024-03-24T16:33:02","guid":{"rendered":"https:\/\/chateaudupommoy.com\/schloss-garten-und-schwimmbad\/"},"modified":"2024-04-17T19:18:26","modified_gmt":"2024-04-17T19:18:26","slug":"schloss-garten-und-schwimmbad","status":"publish","type":"page","link":"https:\/\/chateaudupommoy.com\/de\/schloss-garten-und-schwimmbad\/","title":{"rendered":"Schloss, Garten und Schwimmbad"},"content":{"rendered":"\n<h1>\n\t\tSchloss, Garten und Schwimmbad\n\t<\/h1>\n\t<p>Durch die Lage im regionalen Naturpark hat das Schloss nat\u00fcrlich eine wundersch\u00f6ne Aussicht! Das stilvoll und komfortabel eingerichtete Geb\u00e4ude bietet auch f\u00fcr eine gr\u00f6\u00dfere Gruppe (bis zu 20 Personen) ausreichend Platz.<\/p>\n\t<p>Im Erdgeschoss haben Sie Zugang zu einem Doppelwohnzimmer, einem Esszimmer, einer gut ausgestatteten K\u00fcche mit allen M\u00f6glichkeiten f\u00fcr leckeres und gesundes Kochen und einer praktischen separaten Sp\u00fclk\u00fcche.<\/p>\n<p>Im gro\u00dfen Salon gibt es verschiedene Sitzgelegenheiten, sodass Sie zusammen sein k\u00f6nnen, aber auch in Ruhe sich in ein Buch vertiefen k\u00f6nnen. F\u00fcr Liebhaber gibt es sogar ein Klavier! Selbstverst\u00e4ndlich ist das WLAN kostenlos.<\/p>\n<p>&nbsp;<\/p>\n\t\t\t\t<img loading=\"lazy\" decoding=\"async\" src=\"https:\/\/chateaudupommoy.com\/wp-content\/uploads\/2024\/01\/IMG_20230608_092916-Salon-min-300x225.png\" alt=\"IMG_20230608_092916 Salon min\" itemprop=\"image\" height=\"225\" width=\"300\" title=\"IMG_20230608_092916 Salon min\" onerror=\"this.style.display='none'\"  \/>\n\t\t\t\t<img loading=\"lazy\" decoding=\"async\" src=\"https:\/\/chateaudupommoy.com\/wp-content\/uploads\/2024\/02\/A.-Keuken-foto-Ad2-JA-min-225x300.png\" alt=\"A. Keuken foto Ad2 JA min\" itemprop=\"image\" height=\"300\" width=\"225\" title=\"A. Keuken foto Ad2 JA min\" onerror=\"this.style.display='none'\"  \/>\n\t\t\t\t<img loading=\"lazy\" decoding=\"async\" src=\"https:\/\/chateaudupommoy.com\/wp-content\/uploads\/2024\/02\/A.-Eetkamer-foto-Ad-schilderijenwand-min-225x300.jpg\" alt=\"A. Eetkamer foto Ad schilderijenwand min\" itemprop=\"image\" height=\"300\" width=\"225\" title=\"A. Eetkamer foto Ad schilderijenwand min\" onerror=\"this.style.display='none'\"  \/>\n\t<p><strong>K\u00fcche und Esszimmer<\/strong><\/p>\n<p>Die K\u00fcche ist f\u00fcr k\u00f6stliches Kochen ausgestattet. Sie haben viel Platz.<\/p>\n<p>Ein gro\u00dfer Gasherd mit Elektroofen, ein amerikanischer K\u00fchlschrank, viel Stauraum und jede Menge Kochutensilien. Unsere G\u00e4ste sch\u00e4tzen diese K\u00fcche sehr.<\/p>\n<p>Es gibt einen separaten Hauswirtschaftsraum mit Sp\u00fcle und Geschirrsp\u00fcler.<\/p>\n<p><strong>Esszimmer<\/strong><\/p>\n<p>Im Esszimmer finden Sie auch ein Klavier, das Ihre Abendessen stimmungsvoll begleitet.<\/p>\n<p>Dar\u00fcber hinaus nat\u00fcrlich Tische und 20 Sitzpl\u00e4tze, ausreichend Geschirr, 2 Hochst\u00fchle, ein Weinregal und ein Tischk\u00fchlschrank f\u00fcr Ihre gek\u00fchlten Getr\u00e4nke.<\/p>\n\t<p><strong>Garten und Schwimmbad<\/strong><\/p>\n<p>Der Garten ist mit bunten Blumenbeeten, einer gro\u00dfen Rasenfl\u00e4che und verschiedenen Sitzpl\u00e4tzen in Sonne und Schatten angelegt. Im Sommer steht Ihnen das Schwimmbad mit einer sonnigen Terrasse mit 15 Liegest\u00fchlen und bequemen Kissen zur Verf\u00fcgung.<\/p>\n<p>Im Garten finden Sie mehrere Terrassen und Sitzgelegenheiten. Sie k\u00f6nnen auf der gro\u00dfen Terrasse mit dem langen Tisch zusammensitzen oder an einem kleineren Tisch Platz nehmen. Dar\u00fcber hinaus sind im gesamten Garten B\u00e4nke mit Blick auf das Schloss oder die umliegende Landschaft aufgestellt.<\/p>\n<p>Das Schwimmbad ist im Sommer t\u00e4glich von 10 bis 20 Uhr ge\u00f6ffnet und wird von uns t\u00e4glich gereinigt.<\/p>\n<p>&nbsp;<\/p>\n<p>&nbsp;<\/p>\n<p>&nbsp;<\/p>\n\t\t\t\t<img loading=\"lazy\" decoding=\"async\" src=\"https:\/\/chateaudupommoy.com\/wp-content\/uploads\/2024\/02\/Tuin-zomer-2022-1-min-300x225.jpg\" alt=\"Tuin zomer 2022 1 min\" itemprop=\"image\" height=\"225\" width=\"300\" title=\"Tuin zomer 2022 1 min\" onerror=\"this.style.display='none'\"  \/>\n\t\t\t\t<img loading=\"lazy\" decoding=\"async\" src=\"https:\/\/chateaudupommoy.com\/wp-content\/uploads\/2024\/02\/Zwembad-min-1708623070950-300x140.jpg\" alt=\"Zwembad min 1708623070950\" itemprop=\"image\" height=\"140\" width=\"300\" title=\"Zwembad min 1708623070950\" onerror=\"this.style.display='none'\"  \/>\n\t\t\t<a href=\"https:\/\/chateaudupommoy.com\/de\/arrangements\/\" target=\"_self\" rel=\"noopener\">\n\t\t\t\t\t\t\tEntdecken Sie unsere Arrangements\n\t\t\t<\/a>\n\t\t\t<a href=\"https:\/\/chateaudupommoy.com\/de\/das-chateau\/\" target=\"_self\" rel=\"noopener\">\n\t\t\t\t\t\t\tSehen Sie sich das Schloss an\n\t\t\t<\/a>\n\t\t\t<a href=\"http:\/\/www.chateaudupommoy.com\/de\/buchen\/\" target=\"_self\" rel=\"noopener\">\n\t\t\t\t\t\t\tBuche jetzt\n\t\t\t<\/a>\n\t\t\t\t<img loading=\"lazy\" decoding=\"async\" src=\"https:\/\/chateaudupommoy.com\/wp-content\/uploads\/2024\/02\/Loungeterras-1708609078813-min.jpg\" alt=\"Loungeterras 1708609078813 min\" itemprop=\"image\" height=\"295\" width=\"656\" title=\"Loungeterras 1708609078813 min\" onerror=\"this.style.display='none'\"  \/>\n\n","protected":false},"excerpt":{"rendered":"<p>Schloss, Garten und Schwimmbad Durch die Lage im regionalen Naturpark hat das Schloss nat\u00fcrlich eine wundersch\u00f6ne Aussicht! Das stilvoll und komfortabel eingerichtete Geb\u00e4ude bietet auch f\u00fcr eine gr\u00f6\u00dfere Gruppe (bis zu 20 Personen) ausreichend Platz. Im Erdgeschoss haben Sie Zugang zu einem Doppelwohnzimmer, einem Esszimmer, einer gut ausgestatteten K\u00fcche mit allen M\u00f6glichkeiten f\u00fcr leckeres und&hellip;<\/p>\n","protected":false},"author":2,"featured_media":0,"parent":0,"menu_order":0,"comment_status":"closed","ping_status":"closed","template":"","meta":{"footnotes":""},"class_list":["post-6696","page","type-page","status-publish","hentry"],"_links":{"self":[{"href":"https:\/\/chateaudupommoy.com\/de\/wp-json\/wp\/v2\/pages\/6696","targetHints":{"allow":["GET"]}}],"collection":[{"href":"https:\/\/chateaudupommoy.com\/de\/wp-json\/wp\/v2\/pages"}],"about":[{"href":"https:\/\/chateaudupommoy.com\/de\/wp-json\/wp\/v2\/types\/page"}],"author":[{"embeddable":true,"href":"https:\/\/chateaudupommoy.com\/de\/wp-json\/wp\/v2\/users\/2"}],"replies":[{"embeddable":true,"href":"https:\/\/chateaudupommoy.com\/de\/wp-json\/wp\/v2\/comments?post=6696"}],"version-history":[{"count":3,"href":"https:\/\/chateaudupommoy.com\/de\/wp-json\/wp\/v2\/pages\/6696\/revisions"}],"predecessor-version":[{"id":6783,"href":"https:\/\/chateaudupommoy.com\/de\/wp-json\/wp\/v2\/pages\/6696\/revisions\/6783"}],"wp:attachment":[{"href":"https:\/\/chateaudupommoy.com\/de\/wp-json\/wp\/v2\/media?parent=6696"}],"curies":[{"name":"wp","href":"https:\/\/api.w.org\/{rel}","templated":true}]}}