{"id":5845,"date":"2019-10-28T13:44:20","date_gmt":"2019-10-28T13:44:20","guid":{"rendered":"https:\/\/www.chateaudupommoy.com\/die-umgebung\/"},"modified":"2024-04-17T19:27:19","modified_gmt":"2024-04-17T19:27:19","slug":"die-umgebung","status":"publish","type":"page","link":"https:\/\/chateaudupommoy.com\/de\/die-umgebung\/","title":{"rendered":"Die Umgebung"},"content":{"rendered":"\n<h1>\n\t\tDie Umgebung\n\t<\/h1>\n\t<p>Mit seiner Lage im regionalen Naturpark Le Morvan ist das Ch\u00e2teau du Pommoy der ideale Ort f\u00fcr einen l\u00e4ngeren Aufenthalt: Ruhe, saubere Luft, Natur und komfortable Zimmer. Genie\u00dfen Sie tags\u00fcber von dem Garten, in der Sonne oder im Schatten. Im Sommer, bei warmem Wetter, ist ein erfrischendes Bad im Schwimmbad wunderbar. Bewundern Sie nachts bei klarem Wetter den Sternenhimmel! Sogar die Milchstra\u00dfe ist sichtbar!<\/p>\n<p>&nbsp;<\/p>\n\t\t\t\t<img loading=\"lazy\" decoding=\"async\" src=\"https:\/\/chateaudupommoy.com\/wp-content\/uploads\/2019\/10\/Gorges-de-la-Canche-Wouter-van-Aalst-EOS-70D_0689.jpg\" alt=\"Gorges de la Canche, Wouter van Aalst EOS 70D_0689\" itemprop=\"image\" height=\"3648\" width=\"5472\" title=\"Gorges de la Canche, Wouter van Aalst EOS 70D_0689\" onerror=\"this.style.display='none'\"  \/>\n\t<p>In der wundersch\u00f6nen Natur kann man herrlich wandern, Rad fahren oder Wassersport betreiben. Das Schloss liegt in der N\u00e4he ber\u00fchmter Wanderwege wie der Grande Randonn\u00e9e &#8222;Tour du Morvan&#8220; und der Gorges de la Canche mit Wasserf\u00e4llen. Sportliche Radfahrer k\u00f6nnen sich auf den Pisten in der H\u00fcgellandschaft verw\u00f6hnen lassen.<\/p>\n<p>Wasserliebhaber? Auf den Stauseen Lac de Panneci\u00e8re und Lac des Settons k\u00f6nnen Sie unter anderem schwimmen, segeln, mit dem Tretboot oder dem Kanu fahren. Diejenigen, die wilderes Wasser lieben, k\u00f6nnen Rafting auf dem Cure und Chalaux unternehmen.<\/p>\n<p>&nbsp;<\/p>\n\t\t\t\t<img loading=\"lazy\" decoding=\"async\" src=\"https:\/\/chateaudupommoy.com\/wp-content\/uploads\/2019\/01\/Autun.jpg\" alt=\"Autun\" itemprop=\"image\" height=\"577\" width=\"1385\" title=\"Autun\" onerror=\"this.style.display='none'\"  \/>\n\t<p>Auch Kulturliebhaber kommen hier auf ihre Kosten. Le Pommoy liegt zentral zu den wichtigsten Sehensw\u00fcrdigkeiten. Die historische Stadt Autun liegt nur eine 15-min\u00fctige Autofahrt entfernt. Sehr interessant ist auch die Ausgrabung der gallo-r\u00f6mischen Siedlung Bibracte mit Museum. Hier lebte der echte Vergincetorix und Julius Caesar arbeitete an seinem Buch \u00fcber den Gallischen Krieg!<\/p>\n<p>&nbsp;<\/p>\n\t<p>Besonders malerisch ist der Wallfahrtsort V\u00e9z\u00e9lay mit seiner Kathedrale und der fantastischen Aussicht von der Stadtmauer.<\/p>\n<p>Wenn Sie kulinarische K\u00f6stlichkeiten m\u00f6gen, werden Sie gerne Saulieu mit dem ber\u00fchmten Sternerestaurant Bernard Loiseau besuchen.<\/p>\n<p>Die wundersch\u00f6ne Stadt Beaune eignet sich auch hervorragend f\u00fcr einen Tagesausflug.<\/p>\n<p>Und f\u00fcr Weinliebhaber ist die Route des Grands Crus mit Tausenden von Reben und vielen Weinproben ein Muss!<\/p>\n\t\t\t\t<img loading=\"lazy\" decoding=\"async\" src=\"https:\/\/chateaudupommoy.com\/wp-content\/uploads\/2019\/01\/Hospices-de-Beaune.jpg\" alt=\"Hospices de Beaune\" itemprop=\"image\" height=\"406\" width=\"612\" title=\"Hospices de Beaune\" onerror=\"this.style.display='none'\"  \/>\n\t\t\t<a href=\"https:\/\/chateaudupommoy.com\/de\/arrangements\/\" target=\"_self\" rel=\"noopener\">\n\t\t\t\t\t\t\tEntdecken Sie unsere Arrangements\n\t\t\t<\/a>\n\t\t\t<a href=\"https:\/\/chateaudupommoy.com\/de\/das-chateau\/\" target=\"_self\" rel=\"noopener\">\n\t\t\t\t\t\t\tSehen Sie sich das Schloss an\n\t\t\t<\/a>\n\t\t\t<a href=\"https:\/\/www.chateaudupommoy.com\/de\/buchen\/\" target=\"_self\" rel=\"noopener\">\n\t\t\t\t\t\t\tBuche jetzt\n\t\t\t<\/a>\n\t\t\t\t<img loading=\"lazy\" decoding=\"async\" src=\"https:\/\/chateaudupommoy.com\/wp-content\/uploads\/2019\/01\/panorama-Vezelay.jpg\" alt=\"panorama Vezelay\" itemprop=\"image\" height=\"1000\" width=\"2500\" title=\"panorama Vezelay\" onerror=\"this.style.display='none'\"  \/>\n\n","protected":false},"excerpt":{"rendered":"<p>Die Umgebung Mit seiner Lage im regionalen Naturpark Le Morvan ist das Ch\u00e2teau du Pommoy der ideale Ort f\u00fcr einen l\u00e4ngeren Aufenthalt: Ruhe, saubere Luft, Natur und komfortable Zimmer. Genie\u00dfen Sie tags\u00fcber von dem Garten, in der Sonne oder im Schatten. Im Sommer, bei warmem Wetter, ist ein erfrischendes Bad im Schwimmbad wunderbar. Bewundern Sie&hellip;<\/p>\n","protected":false},"author":2,"featured_media":0,"parent":0,"menu_order":0,"comment_status":"closed","ping_status":"closed","template":"","meta":{"footnotes":""},"class_list":["post-5845","page","type-page","status-publish","hentry"],"_links":{"self":[{"href":"https:\/\/chateaudupommoy.com\/de\/wp-json\/wp\/v2\/pages\/5845","targetHints":{"allow":["GET"]}}],"collection":[{"href":"https:\/\/chateaudupommoy.com\/de\/wp-json\/wp\/v2\/pages"}],"about":[{"href":"https:\/\/chateaudupommoy.com\/de\/wp-json\/wp\/v2\/types\/page"}],"author":[{"embeddable":true,"href":"https:\/\/chateaudupommoy.com\/de\/wp-json\/wp\/v2\/users\/2"}],"replies":[{"embeddable":true,"href":"https:\/\/chateaudupommoy.com\/de\/wp-json\/wp\/v2\/comments?post=5845"}],"version-history":[{"count":3,"href":"https:\/\/chateaudupommoy.com\/de\/wp-json\/wp\/v2\/pages\/5845\/revisions"}],"predecessor-version":[{"id":6786,"href":"https:\/\/chateaudupommoy.com\/de\/wp-json\/wp\/v2\/pages\/5845\/revisions\/6786"}],"wp:attachment":[{"href":"https:\/\/chateaudupommoy.com\/de\/wp-json\/wp\/v2\/media?parent=5845"}],"curies":[{"name":"wp","href":"https:\/\/api.w.org\/{rel}","templated":true}]}}