{"id":5829,"date":"2019-10-16T15:53:04","date_gmt":"2019-10-16T15:53:04","guid":{"rendered":"https:\/\/www.chateaudupommoy.com\/buchen\/"},"modified":"2026-03-30T16:00:57","modified_gmt":"2026-03-30T16:00:57","slug":"buchen","status":"publish","type":"page","link":"https:\/\/chateaudupommoy.com\/de\/buchen\/","title":{"rendered":"Buchen"},"content":{"rendered":"\n<h1>\n\t\t\tBuchen\t<\/h1>\n\t<h2>Ch\u00e2teau mieten<\/h2>\n<p>Sie mieten das Schloss und den umliegenden Garten in seiner Gesamtheit. Die Mietdauer betr\u00e4gt in der Hochsaison (Juli und August) mindestens eine Woche.<\/p>\n<p>Einen k\u00fcrzeren Zeitraum reservieren? Bitte kontaktieren Sie uns: <a href=\"mailto:info@chateaudupommoy.com\">info@chateaudupommoy.com<\/a><\/p>\n\t<h2>Preis inklusive:<\/h2>\n<ul>\n<li>Nutzung des Schlosses mit ausgestatteter K\u00fcche und Garten<\/li>\n<li>Nutzung des Pools im Sp\u00e4tfr\u00fchling, Sommer und Fr\u00fchherbst<\/li>\n<li>Parkplatz vor Ort f\u00fcr 7 Autos<\/li>\n<li>Nutzung von Badet\u00fcchern, K\u00fcchent\u00fcchern, Bettw\u00e4sche<\/li>\n<li>Endreinigung*<\/li>\n<\/ul>\n<p>*Lesen Sie unsere Bedingungen<\/p>\n\t<strong>Einchecken:<\/strong><br \/>\nAb 17:00 Uhr\n<strong>Auschecken:<\/strong><br \/>\nbis 10:00 Uhr. F\u00fcr \u00fcber diese Website gebuchte Wochenendaufenthalte bieten wir je nach Verf\u00fcgbarkeit eine sp\u00e4te Abreise bis 15:00 Uhr an.\n<p>F\u00fcr mehr Flexibilit\u00e4t bieten wir Ihnen &#8211; je nach Verf\u00fcgbarkeit &#8211; einen fr\u00fcheren Check-in oder sp\u00e4teren Check-out f\u00fcr 40 \u20ac pro zus\u00e4tzliche Stunde an.<\/p>\n\t<h2>Mietpreis 2026<\/h2>\n<strong>Hochsaison (April bis September)<\/strong><br \/>\nMit Ausnahme von Feiertagen (Preis auf Anfrage)<br \/>\n<strong>6.100 \u20ac pro Woche<\/strong>\n<strong>Nebensaison (Oktober bis M\u00e4rz)<\/strong><br \/>\nMit Ausnahme von Feiertagen (Preis auf Anfrage)<br \/>\n<strong>5.100 \u20ac pro Woche<\/strong>\n<strong>Wochenenden Hochsaison (April bis September)<\/strong> Freitag 17 Uhr bis Sonntag 15 Uhr; (Ferien und gesetzliche Feiertage ausgenommen)<br \/>\n<strong>2.600 \u20ac pro Wochenende<\/strong>\n<strong>Wochenenden in der Nebensaison (Oktober bis M\u00e4rz)<\/strong> Freitag 17 Uhr bis Sonntag 15 Uhr; (Ferien und gesetzliche Feiertage ausgenommen)<br \/>\n<strong>2.100 \u20ac pro Wochenende<\/strong>\n<strong>Gesetzliche Feiertage<\/strong><br \/>\n<strong>3.600 \u20ac f\u00fcr 3 N\u00e4chte, Ostern 3.300 \u20ac f\u00fcr 3 N\u00e4chte, Weihnachten und Silvester auf Anfrage<\/strong>\n\t<p>Detaillierte Informationen zu unseren Einrichtungen finden Sie auf der Seite\u00a0<a href=\"http:\/\/www.chateaudupommoy.com\/de\/algemeine-informationen\/\">Allgemeine Informationen<\/a><\/p>\n<h2>Direkt buchen<\/h2>\n<p>W\u00e4hlen Sie unten die Daten aus, an denen Sie das Schloss nutzen m\u00f6chten, und f\u00fcllen Sie das Formular vollst\u00e4ndig aus. Hinweis: Wir arbeiten an einem neuen Buchungsmodul. Sie reservieren von Samstag bis Freitag, Ihr tats\u00e4chlicher Aufenthalt ist von Samstag bis Samstag. Nach dem Absenden des Formulars erhalten Sie schnellstm\u00f6glich eine Antwort von uns. Ihre Buchung ist erst dann g\u00fcltig, wenn eine Anzahlung von mindestens 30% geleistet wurde. Weitere Informationen hierzu finden Sie in der Best\u00e4tigungs-E-Mail.<\/p>\n\t <div id=\"form_id1096011138656\" class=\"wpbc_container wpbc_form wpbc_container_booking_form \" ><form id=\"booking_form1\" class=\"booking_form vertical\" method=\"post\" action=\"\"><div id=\"ajax_respond_insert1\" class=\"ajax_respond_insert\" style=\"display:none;\"><\/div><a name=\"bklnk1\" id=\"bklnk1\"><\/a><div id=\"booking_form_div1\" class=\"booking_form_div\"><style type=\"text\/css\">.wpbc_container_booking_form .block_hints, .wpbc_booking_form_simple.wpbc_form_center .wpbc__form__div .wpbc__row.wpbc_r_calendar, .wpbc_booking_form_simple .wpbc__form__div .wpbc__row:not(.wpbc_r_calendar){max-width:440px;} <\/style>\n<div class=\"wpbc_booking_form_simple \">\n<div class=\"wpbc__form__div\">\n\t\t\t<div class=\"wpbc_r_calendar wpbc__row\">\n\t\t\t\t<div class=\"wpbc_r_calendar wpbc__field\"> <label><\/label><br><div class=\"wpbc_calendar_wraper wpbc_change_over_triangle wpbc_calendar_skin_legacy\"><div class=\"wpbc_cal_container bk_calendar_frame wpbc_no_custom_width  months_num_in_row_ cal_month_num_3 wpbc_timeslot_day_bg_as_available\" style=\"\"><div id=\"calendar_booking1\"  class=\"wpbc_calendar_id_1\" >\t<div class=\"calendar_loader_frame calendar_loader_frame1\"\r\n\t\tdata-wpbc-rid=\"1\"\r\n\t\tdata-wpbc-grace=\"8000\"\r\n\t\tstyle=\"--wpbc-loader-cols: 3;\"\r\n\t>\r\n\t\t<div class=\"calendar_loader_text\">Wird geladen...<\/div>\r\n\t\t<div class=\"calendar_loader_frame__progress_line_container\">\r\n\t\t\t<div class=\"calendar_loader_frame__progress_line\"><\/div>\r\n\t\t<\/div>\r\n\t<\/div>\r\n\t<\/div><\/div><div style=\"font-size:7px;text-align:left;margin:0 0 10px;text-shadow: none;\">Powered by <a href=\"https:\/\/wpbookingcalendar.com\" style=\"font-size:7px;\" target=\"_blank\" title=\"Booking Calendar plugin for WordPress\">Booking Calendar<\/a><\/div><textarea id=\"date_booking1\" name=\"date_booking1\" autocomplete=\"off\" style=\"display:none;\"><\/textarea><div class=\"block_hints datepick \"><div class=\"wpdev_hint_with_text\"><div class=\"\"><div class=\"datepick-inline wpbc_calendar_legend_table_width_height\"><table class=\"datepick wpbc_calendar\" style=\"\"><tbody><tr><td class=\"datepick-days-cell date_available wpbc_calendar_legend_day_cell_height\"><div class=\"wpbc-cell-box\">\t<div class=\"date-cell-content\">\t\t<div class=\"date-content-top\"><\/div>\t\t<a>16<\/a>\t\t<div class=\"date-content-bottom\"><\/div>\t<\/div><\/div><\/td><\/tr><\/tbody><\/table><\/div><\/div><div class=\"block_text\">- <\/div><div class=\"block_text\">Beschikbaar<\/div><\/div><div class=\"wpdev_hint_with_text\"><div class=\"\"><div class=\"datepick-inline wpbc_calendar_legend_table_width_height\"><table class=\"datepick wpbc_calendar\" style=\"\"><tbody><tr><td class=\"datepick-days-cell datepick-unselectable date_user_unavailable full_day_booking date_approved wpbc_calendar_legend_day_cell_height\"><div class=\"wpbc-cell-box\">\t<div class=\"date-cell-content\">\t\t<div class=\"date-content-top\"><\/div>\t\t<span>16<\/span>\t\t<div class=\"date-content-bottom\"><\/div>\t<\/div><\/div><\/td><\/tr><\/tbody><\/table><\/div><\/div><div class=\"block_text\">- <\/div><div class=\"block_text\">Geboekt<\/div><\/div><div class=\"wpdev_hint_with_text\"><div class=\"\"><div class=\"datepick-inline wpbc_calendar_legend_table_width_height\"><table class=\"datepick wpbc_calendar\" style=\"\"><tbody><tr><td class=\"datepick-days-cell datepick-unselectable date_user_unavailable full_day_booking date2approve wpbc_calendar_legend_day_cell_height\"><div class=\"wpbc-cell-box\">\t<div class=\"date-cell-content\">\t\t<div class=\"date-content-top\"><\/div>\t\t<span>16<\/span>\t\t<div class=\"date-content-bottom\"><\/div>\t<\/div><\/div><\/td><\/tr><\/tbody><\/table><\/div><\/div><div class=\"block_text\">- <\/div><div class=\"block_text\">In behandeling<\/div><\/div><div class=\"wpdev_hint_with_text\"><div class=\"\"><span class=\" wpbc_timeslot_day_bg_as_available wpbc_change_over_triangle\"><div class=\"datepick-inline wpbc_calendar_legend_table_width_height\"><table class=\"datepick wpbc_calendar\" style=\"\"><tbody><tr><td class=\"datepick-days-cell date_available date2approve timespartly times_clock wpbc_calendar_legend_day_cell_height\"><div class=\"wpbc-cell-box\">\t<div class=\"wpbc-diagonal-el\">\t\t<div class=\"wpbc-co-out\"><svg height=\"100%\" width=\"100%\" viewBox=\"0 0 100 100\" preserveAspectRatio=\"none\"><polygon points=\"0,0 0,99 99,0\"><\/polygon><polygon points=\"0,0 0,100 49,100 49,0\"><\/polygon><\/svg><\/div>\t\t<div class=\"wpbc-co-in\"><svg height=\"100%\" width=\"100%\" viewBox=\"0 0 98 98\" preserveAspectRatio=\"none\"><polygon points=\"0,99 99,99 99,0\"><\/polygon><polygon points=\"50,98 98,98 98,0 50,0\"><\/polygon><\/svg><\/div>\t<\/div>\t<div class=\"date-cell-content\">\t\t<div class=\"date-content-top\"><div class=\"wpbc_time_dots\">\u00b7<\/div><\/div>\t\t<a>16<\/a>\t\t<div class=\"date-content-bottom\"><\/div>\t<\/div><\/div><\/td><\/tr><\/tbody><\/table><\/div><\/span><\/div><div class=\"block_text\">- <\/div><div class=\"block_text\">Gedeeltelijk geboekt<\/div><\/div><\/div><\/div> <\/div>\n\t\t\t<\/div>\n\t\t\t<div class=\"wpbc__row\">\n\t\t\t\t<div class=\"wpbc_r_name wpbc__field\"> <label>First name*<\/label><br><span class=\"wpbc_wrap_text wpdev-form-control-wrap name1\"><input type=\"text\" name=\"name1\" value=\"\" autocomplete=\"name\" class=\"wpdev-validates-as-required\" size=\"40\" \/><\/span> <\/div>\n\t\t\t<\/div>\n\t\t\t<div class=\"wpbc__row\">\n\t\t\t\t<div class=\"wpbc_r_secondname wpbc__field\"> <label>Last name*<\/label><br><span class=\"wpbc_wrap_text wpdev-form-control-wrap secondname1\"><input type=\"text\" name=\"secondname1\" value=\"\" autocomplete=\"secondname\" class=\"wpdev-validates-as-required\" size=\"40\" \/><\/span> <\/div>\n\t\t\t<\/div>\n\t\t\t<div class=\"wpbc__row\">\n\t\t\t\t<div class=\"wpbc_r_email wpbc__field\"> <label>Email address*<\/label><br><span class=\"wpbc_wrap_text wpdev-form-control-wrap email1\"><input type=\"email\" name=\"email1\" value=\"\" autocomplete=\"email\" class=\"wpdev-validates-as-email wpdev-validates-as-required\" size=\"40\" \/><\/span> <\/div>\n\t\t\t<\/div>\n\t\t\t<div class=\"wpbc__row\">\n\t\t\t\t<div class=\"wpbc_r_phone wpbc__field\"> <label>Phone number*<\/label><br><span class=\"wpbc_wrap_text wpdev-form-control-wrap phone1\"><input type=\"text\" name=\"phone1\" value=\"\" autocomplete=\"phone\" class=\"wpdev-validates-as-required\" size=\"40\" \/><\/span> <\/div>\n\t\t\t<\/div>\n\t\t\t<div class=\"wpbc__row\">\n\t\t\t\t<div class=\"wpbc_r_details wpbc__field\"> <label>Details<\/label><br><span class=\"wpbc_wrap_textarea wpdev-form-control-wrap details1\"><textarea name=\"details1\" autocomplete=\"details\"><\/textarea><\/span> <\/div>\n\t\t\t<\/div>\n\t\t\t<div class=\"wpbc__row\">\n\t\t\t\t<div class=\"wpbc_r_captcha wpbc__field\"> <label><\/label><br><span class=\"wpbc_text_captcha_container wpdev-form-control-wrap \"><input  autocomplete=\"off\" type=\"hidden\" name=\"wpdev_captcha_challenge_1\"  id=\"wpdev_captcha_challenge_1\" value=\"2340105011\" \/><input  autocomplete=\"off\" type=\"text\" class=\"captachinput\" value=\"\" name=\"captcha_input1\" id=\"captcha_input1\" \/><img decoding=\"async\" class=\"captcha_img\"  id=\"captcha_img1\" alt=\"To show CAPTCHA, please deactivate cache plugin or exclude this page from caching or disable CAPTCHA at WP Booking Calendar - Settings General page in Form Options section.\" src=\"https:\/\/chateaudupommoy.com\/wp-content\/plugins\/booking\/js\/captcha\/tmp\/2340105011.png\" \/><\/span> <\/div>\n\t\t\t<\/div>\n\t\t\t<div class=\"wpbc__row\">\n\t\t\t\t<div class=\"wpbc_r_submit wpbc__field\"><input type=\"button\" value=\"Verzenden\" class=\"wpbc_button_light  btn btn\" onclick=\"wpbc_booking_form_submit(this.form,1, 'de_DE');\" \/> <\/div>\n\t\t\t<\/div>\n<\/div>\n<\/div><input id=\"bk_type1\" name=\"bk_type1\" class=\"\" type=\"hidden\" value=\"1\" \/><\/div><div id=\"submiting1\"><\/div><div class=\"form_bk_messages\" id=\"form_bk_messages1\" ><\/div><input type=\"hidden\" id=\"wpbc_nonceCALCULATE_THE_COST1\" name=\"wpbc_nonceCALCULATE_THE_COST1\" value=\"bbf5ea6f3b\" \/><input type=\"hidden\" name=\"_wp_http_referer\" value=\"\/de\/wp-json\/wp\/v2\/pages\/5829\" \/><\/form><\/div><div id=\"booking_form_garbage1\" class=\"booking_form_garbage\"><\/div> \n\n","protected":false},"excerpt":{"rendered":"<p>Buchen Ch\u00e2teau mieten Sie mieten das Schloss und den umliegenden Garten in seiner Gesamtheit. Die Mietdauer betr\u00e4gt in der Hochsaison (Juli und August) mindestens eine Woche. Einen k\u00fcrzeren Zeitraum reservieren? Bitte kontaktieren Sie uns: info@chateaudupommoy.com Preis inklusive: Nutzung des Schlosses mit ausgestatteter K\u00fcche und Garten Nutzung des Pools im Sp\u00e4tfr\u00fchling, Sommer und Fr\u00fchherbst Parkplatz vor&hellip;<\/p>\n","protected":false},"author":2,"featured_media":0,"parent":0,"menu_order":0,"comment_status":"closed","ping_status":"closed","template":"","meta":{"footnotes":""},"class_list":["post-5829","page","type-page","status-publish","hentry"],"_links":{"self":[{"href":"https:\/\/chateaudupommoy.com\/de\/wp-json\/wp\/v2\/pages\/5829","targetHints":{"allow":["GET"]}}],"collection":[{"href":"https:\/\/chateaudupommoy.com\/de\/wp-json\/wp\/v2\/pages"}],"about":[{"href":"https:\/\/chateaudupommoy.com\/de\/wp-json\/wp\/v2\/types\/page"}],"author":[{"embeddable":true,"href":"https:\/\/chateaudupommoy.com\/de\/wp-json\/wp\/v2\/users\/2"}],"replies":[{"embeddable":true,"href":"https:\/\/chateaudupommoy.com\/de\/wp-json\/wp\/v2\/comments?post=5829"}],"version-history":[{"count":18,"href":"https:\/\/chateaudupommoy.com\/de\/wp-json\/wp\/v2\/pages\/5829\/revisions"}],"predecessor-version":[{"id":7200,"href":"https:\/\/chateaudupommoy.com\/de\/wp-json\/wp\/v2\/pages\/5829\/revisions\/7200"}],"wp:attachment":[{"href":"https:\/\/chateaudupommoy.com\/de\/wp-json\/wp\/v2\/media?parent=5829"}],"curies":[{"name":"wp","href":"https:\/\/api.w.org\/{rel}","templated":true}]}}