{"id":5775,"date":"2019-09-23T20:10:48","date_gmt":"2019-09-23T20:10:48","guid":{"rendered":"https:\/\/www.chateaudupommoy.com\/das-chateau\/"},"modified":"2024-04-17T19:16:27","modified_gmt":"2024-04-17T19:16:27","slug":"das-chateau","status":"publish","type":"page","link":"https:\/\/chateaudupommoy.com\/de\/das-chateau\/","title":{"rendered":"Das Ch\u00e2teau"},"content":{"rendered":"\n<h1>\n\t\tDas Ch\u00e2teau\n\t<\/h1>\n\t<p>Das Schloss befindet sich an einem wundersch\u00f6nen Ort mit freier Lage und Blick auf die umliegende Landschaft. Es ist ein historisches, stattliches Geb\u00e4ude und sehr komfortabel. Auch gr\u00f6\u00dferen Gruppen (bis zu 20 Personen) ist immer noch viel Platz und Freiheit, soda\u00df Sie den Urlaub wirklich genie\u00dfen k\u00f6nnen.<\/p>\n<p>&nbsp;<\/p>\n<p>Im Erdgeschoss finden Sie zwei Salons, ein Esszimmer, eine gut ausgestattete K\u00fcche mit allen M\u00f6glichkeiten f\u00fcr leckeres und gesundes Kochen und eine praktische separate Sp\u00fclk\u00fcche. In dem gro\u00dfen Salon gibt es mehrere Sitzpl\u00e4tze in dem gro\u00dfen Salon, so dass Sie zusammen sein k\u00f6nnen, aber auch abseits in Ruhe ein Buch lesen k\u00f6nnen. Nat\u00fcrlich gibt es kostenloses WLAN.<\/p>\n\t\t\t\t<img loading=\"lazy\" decoding=\"async\" src=\"https:\/\/chateaudupommoy.com\/wp-content\/uploads\/2024\/01\/IMG_20230608_092916-Salon-min.png\" alt=\"IMG_20230608_092916 Salon min\" itemprop=\"image\" height=\"540\" width=\"720\" title=\"IMG_20230608_092916 Salon min\" onerror=\"this.style.display='none'\"  \/>\n\t\t\t<a href=\"http:\/\/www.chateaudupommoy.com\/du\/buchen\/\" target=\"_self\" rel=\"noopener\">\n\t\t\t\t\t\t\tSiehe Verf\u00fcgbarkeit\n\t\t\t<\/a>\n\t\t\t\t<img loading=\"lazy\" decoding=\"async\" src=\"https:\/\/chateaudupommoy.com\/wp-content\/uploads\/2019\/09\/IMG-7936-JA-300x225.jpg\" alt=\"IMG-7936 JA\" itemprop=\"image\" height=\"225\" width=\"300\" title=\"IMG-7936 JA\" onerror=\"this.style.display='none'\"  \/>\n\t<h2>Ger\u00e4umige K\u00fcche<\/h2>\n<p>Die K\u00fcche bietet ausreichend Platz und Ausr\u00fcstung f\u00fcr die gesamte Gruppe<\/p>\n\t\t\t\t<img loading=\"lazy\" decoding=\"async\" src=\"https:\/\/chateaudupommoy.com\/wp-content\/uploads\/2024\/01\/A.-Eetkamer-foto-Ad-schilderijenwand-min-225x300.jpg\" alt=\"A. Eetkamer foto Ad schilderijenwand min\" itemprop=\"image\" height=\"300\" width=\"225\" title=\"A. Eetkamer foto Ad schilderijenwand min\" onerror=\"this.style.display='none'\"  \/>\n\t<h2>Esszimmer<\/h2>\n<p>Genie\u00dfen Sie gemeinsam ein k\u00f6stliches Essen.<\/p>\n<p>Ausreichend Sitzgelegenheiten, Anrichte, Sideboard, K\u00fchlschrank und Klavier<\/p>\n\t\t\t\t<img loading=\"lazy\" decoding=\"async\" src=\"https:\/\/chateaudupommoy.com\/wp-content\/uploads\/2024\/01\/IMG_20230607_110022-terras-300x225.jpg\" alt=\"IMG_20230607_110022 terras\" itemprop=\"image\" height=\"225\" width=\"300\" title=\"IMG_20230607_110022 terras\" onerror=\"this.style.display='none'\"  \/>\n\t<h2>Terrasse<\/h2>\n<p>Sch\u00f6ne Terrasse in der Morgensonne und perfekt f\u00fcr lange, milde Abende<\/p>\n\t\t\t\t<img loading=\"lazy\" decoding=\"async\" src=\"https:\/\/chateaudupommoy.com\/wp-content\/uploads\/2024\/02\/IMG_20230607_103334-JA-min-300x225.png\" alt=\"Zwembad met terras en 15 ligbedden\" itemprop=\"image\" height=\"225\" width=\"300\" title=\"IMG_20230607_103334 JA min\" onerror=\"this.style.display='none'\"  \/>\n\t<h2>Schwimmbad<\/h2>\n<p>F\u00fcr ein erfrischendes Bad an hei\u00dfen Sommertagen. Mit einer sch\u00f6nen Sonnenterrasse<\/p>\n\t\t\t\t<img loading=\"lazy\" decoding=\"async\" src=\"https:\/\/chateaudupommoy.com\/wp-content\/uploads\/2024\/02\/Loungeterras-1708609078813-min.jpg\" alt=\"Loungeterras 1708609078813 min\" itemprop=\"image\" height=\"295\" width=\"656\" title=\"Loungeterras 1708609078813 min\" onerror=\"this.style.display='none'\"  \/>\n\t<h2>Lounge Terrasse<\/h2>\n<p>Verschiedene M\u00f6glichkeiten zum Entspannen, die Lounge-Terrasse bietet eine unendliche Aussicht<\/p>\n\n","protected":false},"excerpt":{"rendered":"<p>Das Ch\u00e2teau Das Schloss befindet sich an einem wundersch\u00f6nen Ort mit freier Lage und Blick auf die umliegende Landschaft. Es ist ein historisches, stattliches Geb\u00e4ude und sehr komfortabel. Auch gr\u00f6\u00dferen Gruppen (bis zu 20 Personen) ist immer noch viel Platz und Freiheit, soda\u00df Sie den Urlaub wirklich genie\u00dfen k\u00f6nnen. &nbsp; Im Erdgeschoss finden Sie zwei&hellip;<\/p>\n","protected":false},"author":2,"featured_media":0,"parent":0,"menu_order":0,"comment_status":"closed","ping_status":"closed","template":"","meta":{"footnotes":""},"class_list":["post-5775","page","type-page","status-publish","hentry"],"_links":{"self":[{"href":"https:\/\/chateaudupommoy.com\/de\/wp-json\/wp\/v2\/pages\/5775","targetHints":{"allow":["GET"]}}],"collection":[{"href":"https:\/\/chateaudupommoy.com\/de\/wp-json\/wp\/v2\/pages"}],"about":[{"href":"https:\/\/chateaudupommoy.com\/de\/wp-json\/wp\/v2\/types\/page"}],"author":[{"embeddable":true,"href":"https:\/\/chateaudupommoy.com\/de\/wp-json\/wp\/v2\/users\/2"}],"replies":[{"embeddable":true,"href":"https:\/\/chateaudupommoy.com\/de\/wp-json\/wp\/v2\/comments?post=5775"}],"version-history":[{"count":2,"href":"https:\/\/chateaudupommoy.com\/de\/wp-json\/wp\/v2\/pages\/5775\/revisions"}],"predecessor-version":[{"id":6781,"href":"https:\/\/chateaudupommoy.com\/de\/wp-json\/wp\/v2\/pages\/5775\/revisions\/6781"}],"wp:attachment":[{"href":"https:\/\/chateaudupommoy.com\/de\/wp-json\/wp\/v2\/media?parent=5775"}],"curies":[{"name":"wp","href":"https:\/\/api.w.org\/{rel}","templated":true}]}}