{"id":5774,"date":"2019-09-23T11:39:06","date_gmt":"2019-09-23T11:39:06","guid":{"rendered":"https:\/\/www.chateaudupommoy.com\/bienvenue\/"},"modified":"2026-04-04T14:22:49","modified_gmt":"2026-04-04T14:22:49","slug":"bienvenue","status":"publish","type":"page","link":"https:\/\/chateaudupommoy.com\/de\/","title":{"rendered":"Bienvenue"},"content":{"rendered":"\n\n\t\t\t\t<img decoding=\"async\" src=\"https:\/\/chateaudupommoy.com\/wp-content\/uploads\/2024\/01\/IMG_20230607_104835-min-header-foto-WP.jpg\" alt=\"IMG_20230607_104835 min header foto WP\" itemprop=\"image\" height=\"816\" width=\"2008\" title=\"IMG_20230607_104835 min header foto WP\" onerror=\"this.style.display='none'\" loading=\"lazy\" \/>\n\t<h3>Herzlich Willkommen im Gruppenferienhaus Ch\u00e2teau du Pommoy. Sch\u00f6n, dass Sie hier sind!<\/h3>\n\t<p>Genie\u00dfen Sie Ruhe, Natur und Weite. Unser komfortabel eingerichtetes Ch\u00e2teau liegt in einer wundersch\u00f6nen, gut erreichbaren und friedlichen Umgebung im Regionalen Naturpark Le Morvan in Burgund, Frankreich. Ein wunderbarer Ort f\u00fcr einen erholsamen Urlaub.<\/p>\n<p>Das Ch\u00e2teau mit seinem gro\u00dfz\u00fcgigen Garten kann komplett als Ferienhaus gemietet werden &#8211; ideal f\u00fcr Familien oder ruhige Gruppen von bis zu 20 Personen. Im Sommer l\u00e4dt unser Au\u00dfenpool zum Entspannen ein.<\/p>\n<p>Wir bieten au\u00dferdem verschiedene Komplettpakete an, wie Wanderreisen und kulturelle Aufenthalte. Das Ch\u00e2teau du Pommoy eignet sich auch hervorragend f\u00fcr intime Hochzeiten, private Feiern und besondere Anl\u00e4sse im kleinen Kreis &#8211; in einem authentischen und naturnahen Rahmen.<\/p>\n<p>Jedes Jahr findet hier zudem das Internationale Kammermusikfestival Les \u00c9toiles du Morvan statt. Die n\u00e4chste Ausgabe wird vom 9. bis 13. August 2026 veranstaltet.<\/p>\n<p>Die Website des Festivals: <a href=\"http:\/\/www.lesetoilesdumorvan.fr\/\">www.lesetoilesdumorvan.fr<\/a> (auf Franz\u00f6sisch und Englisch)<\/p>\n<h3>Wir tun alles daf\u00fcr, Ihren Aufenthalt so angenehm zu gestalten, dass Sie am liebsten gar nicht mehr abreisen m\u00f6chten.<\/h3>\n<p>Schauen Sie sich gerne weiter um und entdecken Sie alle M\u00f6glichkeiten!<\/p>\n\t\t\t\t<img decoding=\"async\" src=\"https:\/\/chateaudupommoy.com\/wp-content\/uploads\/2023\/07\/IMG_20230514_141533-225x300.jpg\" alt=\"Deur naar de tuin\" itemprop=\"image\" height=\"300\" width=\"225\" title=\"IMG_20230514_141533\" onerror=\"this.style.display='none'\" loading=\"lazy\" \/>\n\t\t\t<a href=\"https:\/\/www.chateaudupommoy.com\/de\/buchen\/\" target=\"_self\">\n\t\t\t\t\t\t\tJetzt buchen\n\t\t\t<\/a>\n\n","protected":false},"excerpt":{"rendered":"<p>Herzlich Willkommen im Gruppenferienhaus Ch\u00e2teau du Pommoy. Sch\u00f6n, dass Sie hier sind! Genie\u00dfen Sie Ruhe, Natur und Weite. Unser komfortabel eingerichtetes Ch\u00e2teau liegt in einer wundersch\u00f6nen, gut erreichbaren und friedlichen Umgebung im Regionalen Naturpark Le Morvan in Burgund, Frankreich. Ein wunderbarer Ort f\u00fcr einen erholsamen Urlaub. Das Ch\u00e2teau mit seinem gro\u00dfz\u00fcgigen Garten kann komplett als&hellip;<\/p>\n","protected":false},"author":2,"featured_media":0,"parent":0,"menu_order":0,"comment_status":"closed","ping_status":"closed","template":"","meta":{"footnotes":""},"class_list":["post-5774","page","type-page","status-publish","hentry"],"_links":{"self":[{"href":"https:\/\/chateaudupommoy.com\/de\/wp-json\/wp\/v2\/pages\/5774","targetHints":{"allow":["GET"]}}],"collection":[{"href":"https:\/\/chateaudupommoy.com\/de\/wp-json\/wp\/v2\/pages"}],"about":[{"href":"https:\/\/chateaudupommoy.com\/de\/wp-json\/wp\/v2\/types\/page"}],"author":[{"embeddable":true,"href":"https:\/\/chateaudupommoy.com\/de\/wp-json\/wp\/v2\/users\/2"}],"replies":[{"embeddable":true,"href":"https:\/\/chateaudupommoy.com\/de\/wp-json\/wp\/v2\/comments?post=5774"}],"version-history":[{"count":12,"href":"https:\/\/chateaudupommoy.com\/de\/wp-json\/wp\/v2\/pages\/5774\/revisions"}],"predecessor-version":[{"id":7206,"href":"https:\/\/chateaudupommoy.com\/de\/wp-json\/wp\/v2\/pages\/5774\/revisions\/7206"}],"wp:attachment":[{"href":"https:\/\/chateaudupommoy.com\/de\/wp-json\/wp\/v2\/media?parent=5774"}],"curies":[{"name":"wp","href":"https:\/\/api.w.org\/{rel}","templated":true}]}}